{"id":494,"date":"2021-10-05T18:36:18","date_gmt":"2021-10-05T23:36:18","guid":{"rendered":"https:\/\/www.posgrado.unam.mx\/letras\/?page_id=494"},"modified":"2022-03-21T17:27:18","modified_gmt":"2022-03-21T23:27:18","slug":"constantino-reyes-julia-edith","status":"publish","type":"page","link":"https:\/\/posgrado.unam.mx\/letras\/constantino-reyes-julia-edith\/","title":{"rendered":"Constantino Reyes, Julia Edith"},"content":{"rendered":"\n<h4 class=\"wp-block-heading\">Tutor acreditado activo<\/h4>\n\n\n\n<figure class=\"wp-block-image size-thumbnail\"><img loading=\"lazy\" decoding=\"async\" width=\"150\" height=\"150\" src=\"https:\/\/www.posgrado.unam.mx\/letras\/wp-content\/uploads\/2021\/10\/CONSTANTINO_REYES_JULIA_EDITH-150x150.jpg\" alt=\"\" class=\"wp-image-495\" srcset=\"https:\/\/posgrado.unam.mx\/letras\/wp-content\/uploads\/2021\/10\/CONSTANTINO_REYES_JULIA_EDITH-150x150.jpg 150w, https:\/\/posgrado.unam.mx\/letras\/wp-content\/uploads\/2021\/10\/CONSTANTINO_REYES_JULIA_EDITH.jpg 270w\" sizes=\"auto, (max-width: 150px) 100vw, 150px\" \/><\/figure>\n\n\n\n<div style=\"height:20px\" aria-hidden=\"true\" class=\"wp-block-spacer\"><\/div>\n\n\n\n<p>Julia [Edith] Constantino [Reyes] es una investigadora y acad\u00e9mica mexicana. Licenciada en Letras Modernas Inglesas y Maestra en Letras Literatura Comparada, ambos grados por la Universidad Nacional Aut\u00f3noma de M\u00e9xico UNAM. Sus \u00e1reas de estudio abarcan la literatura poscolonial inglesa y la literatura comparada. Participa en el Seminario interdisciplinario de mujeres escritoras y en el Seminario permanente de literatura comparada, en la Facultad de Filosof\u00eda y Letras FFyL (<meta charset=\"utf-8\">UNAM). Ha publicado en revistas especializadas como <em>El acorde\u00f3n, Bolet\u00edn de Filosof\u00eda y Letras<\/em> y <em>Anuario de Letras Modernas<\/em>.<\/p>\n\n\n\n<div style=\"height:20px\" aria-hidden=\"true\" class=\"wp-block-spacer\"><\/div>\n\n\n\n<h4 class=\"wp-block-heading\">Publicaciones destacadas<\/h4>\n\n\n\n<p><strong>a) Libros:<\/strong><\/p>\n\n\n\n<ul class=\"wp-block-list\"><li><em>Por favor<\/em> de David Keirsey, traducci\u00f3n. (2001).<\/li><li>\u201cThe Search for Space in Doris Lessing\u2019s \u2018To Room Nineteen\u2019 \u201c, en <em>A Meeting with Doris Lessing<\/em>. (2001).<\/li><li><em>Ciudadan\u00eda incluyente: significados y expresiones<\/em>, ed. Naila Kabeer, traducci\u00f3n. (2007).<\/li><li><em>Las Mujeres y las pol\u00edticas del lugar<\/em>, eds.Wendy Harcourt y Arturo Escobar, traducci\u00f3n. (2007).<\/li><\/ul>\n\n\n\n<p><strong>b) Revistas:<\/strong><\/p>\n\n\n\n<ul class=\"wp-block-list\"><li>\u201c<em>It Was Not A Story To Pass On: <\/em>Toni Morrison\u2019s <em>Visit<\/em>\u201c, en <em>Bolet\u00edn de Filosofia y Letras<\/em>, n\u00fam. 4. (1995).<\/li><li>\u201cSir P.I. and the Hard-Boiled Knight\u201d, en <em>Anuario de Letras Modernas<\/em>, vol. 6, (1996). <\/li><li>\u201cSimultaneity of Identities: Yeats\u2019 Masks\u201d, <em>Anuario de Letras Modernas<\/em>, vol. 7, 1995-1996. (1997).<\/li><li>\u201c<em>The Gilda Stories<\/em>: The Vampire from the Margins\u201d, <em>Anuario de Letras Modernas<\/em>, vol. 8. (1999).<\/li><li>\u201cNarrative Paradoxes in Toni Morrison\u2019s <em>Beloved<\/em>\u201c, <em>Anuario de Letras Modernas<\/em>, vol. 9. (2000).<\/li><\/ul>\n\n\n\n<div style=\"height:20px\" aria-hidden=\"true\" class=\"wp-block-spacer\"><\/div>\n\n\n\n<h4 class=\"wp-block-heading\">Docencia:<\/h4>\n\n\n\n<p>Actualmente es profesora del Colegio de Letras Modernas en la Facultad de Filosof\u00eda y Letras.<\/p>\n","protected":false},"excerpt":{"rendered":"<p>Tutor acreditado activo Julia [Edith] Constantino [Reyes] es una investigadora y acad\u00e9mica mexicana. Licenciada en Letras Modernas Inglesas y Maestra en Letras Literatura Comparada, ambos grados por la Universidad Nacional <a href=\"https:\/\/posgrado.unam.mx\/letras\/constantino-reyes-julia-edith\/\" class=\"read-more\">Read More &#8230;<\/a><\/p>\n","protected":false},"author":1,"featured_media":0,"parent":0,"menu_order":0,"comment_status":"closed","ping_status":"closed","template":"","meta":{"footnotes":""},"class_list":["post-494","page","type-page","status-publish","hentry"],"_links":{"self":[{"href":"https:\/\/posgrado.unam.mx\/letras\/wp-json\/wp\/v2\/pages\/494","targetHints":{"allow":["GET"]}}],"collection":[{"href":"https:\/\/posgrado.unam.mx\/letras\/wp-json\/wp\/v2\/pages"}],"about":[{"href":"https:\/\/posgrado.unam.mx\/letras\/wp-json\/wp\/v2\/types\/page"}],"author":[{"embeddable":true,"href":"https:\/\/posgrado.unam.mx\/letras\/wp-json\/wp\/v2\/users\/1"}],"replies":[{"embeddable":true,"href":"https:\/\/posgrado.unam.mx\/letras\/wp-json\/wp\/v2\/comments?post=494"}],"version-history":[{"count":1,"href":"https:\/\/posgrado.unam.mx\/letras\/wp-json\/wp\/v2\/pages\/494\/revisions"}],"predecessor-version":[{"id":496,"href":"https:\/\/posgrado.unam.mx\/letras\/wp-json\/wp\/v2\/pages\/494\/revisions\/496"}],"wp:attachment":[{"href":"https:\/\/posgrado.unam.mx\/letras\/wp-json\/wp\/v2\/media?parent=494"}],"curies":[{"name":"wp","href":"https:\/\/api.w.org\/{rel}","templated":true}]}}