{"id":28,"date":"2021-09-02T18:14:22","date_gmt":"2021-09-02T23:14:22","guid":{"rendered":"https:\/\/www.posgrado.unam.mx\/letras\/?page_id=28"},"modified":"2021-09-22T19:53:10","modified_gmt":"2021-09-23T00:53:10","slug":"maestria","status":"publish","type":"page","link":"https:\/\/posgrado.unam.mx\/letras\/maestria\/","title":{"rendered":"Maestr\u00eda"},"content":{"rendered":"\n<figure class=\"wp-block-gallery columns-1 is-cropped wp-block-gallery-1 is-layout-flex wp-block-gallery-is-layout-flex\"><ul class=\"blocks-gallery-grid\"><li class=\"blocks-gallery-item\"><figure><img loading=\"lazy\" decoding=\"async\" width=\"1024\" height=\"397\" src=\"https:\/\/www.posgrado.unam.mx\/letras\/wp-content\/uploads\/2021\/09\/bnal_pag_maestria-1024x397.jpg\" alt=\"\" data-id=\"73\" data-full-url=\"https:\/\/www.posgrado.unam.mx\/letras\/wp-content\/uploads\/2021\/09\/bnal_pag_maestria.jpg\" data-link=\"https:\/\/www.posgrado.unam.mx\/letras\/bnal_pag_maestria\/\" class=\"wp-image-73\" srcset=\"https:\/\/posgrado.unam.mx\/letras\/wp-content\/uploads\/2021\/09\/bnal_pag_maestria-1024x397.jpg 1024w, https:\/\/posgrado.unam.mx\/letras\/wp-content\/uploads\/2021\/09\/bnal_pag_maestria-300x116.jpg 300w, https:\/\/posgrado.unam.mx\/letras\/wp-content\/uploads\/2021\/09\/bnal_pag_maestria-768x298.jpg 768w, https:\/\/posgrado.unam.mx\/letras\/wp-content\/uploads\/2021\/09\/bnal_pag_maestria-360x140.jpg 360w, https:\/\/posgrado.unam.mx\/letras\/wp-content\/uploads\/2021\/09\/bnal_pag_maestria.jpg 1418w\" sizes=\"auto, (max-width: 1024px) 100vw, 1024px\" \/><figcaption class=\"blocks-gallery-item__caption\">Biblioteca Nacional de M\u00e9xico, UNAM. Fotograf\u00eda: Bernando Cruz B.<\/figcaption><\/figure><\/li><\/ul><\/figure>\n\n\n\n<div class=\"wp-block-buttons is-content-justification-space-between is-layout-flex wp-block-buttons-is-layout-flex\">\n<div class=\"wp-block-button has-custom-font-size is-style-fill has-small-font-size\"><a class=\"wp-block-button__link\" href=\"#perfiles\">Perfiles<\/a><\/div>\n\n\n\n<div class=\"wp-block-button has-custom-font-size has-small-font-size\"><a class=\"wp-block-button__link\" href=\"#duracion\">Duraci\u00f3n de los estudios<\/a><\/div>\n\n\n\n<div class=\"wp-block-button has-custom-font-size is-style-fill has-small-font-size\"><a class=\"wp-block-button__link\" href=\"#mapa\">Mapa curricular<\/a><\/div>\n\n\n\n<div class=\"wp-block-button has-custom-font-size has-small-font-size\"><a class=\"wp-block-button__link\" href=\"#requisitos\">Requisitos de ingreso<\/a><\/div>\n\n\n\n<div class=\"wp-block-button has-custom-font-size has-small-font-size\"><a class=\"wp-block-button__link\" href=\"#actividades\">Actividades acad\u00e9micas<\/a><\/div>\n<\/div>\n\n\n\n<hr class=\"wp-block-separator is-style-wide\"\/>\n\n\n\n<div style=\"height:50px\" aria-hidden=\"true\" class=\"wp-block-spacer\"><\/div>\n\n\n\n<h2 class=\"wp-block-heading\" id=\"inicio\">Objetivos<\/h2>\n\n\n\n<ul class=\"wp-block-list\"><li>Desarrollar la capacidad del estudiante para realizar an\u00e1lisis textuales originales bien fundamentados.<\/li><li>Dotar al alumno de conocimiento sistem\u00e1tico de modelos y enfoques cr\u00edtico-te\u00f3ricos, as\u00ed como desarrollar su capacidad para integrarlos de forma razonada en un proceso de argumentaci\u00f3n l\u00f3gica.<\/li><li>Perfeccionar sus habilidades metodol\u00f3gicas en el \u00e1rea de la investigaci\u00f3n literaria; por ejemplo: b\u00fasqueda de bibliohemerograf\u00eda pertinente tanto en espa\u00f1ol como en otras lenguas, selecci\u00f3n y organizaci\u00f3n del material empleado, elaboraci\u00f3n rigurosa del aparato cr\u00edtico.<\/li><li>Desarrollar la capacidad de abstracci\u00f3n, argumentaci\u00f3n y expresi\u00f3n escrita, de modo que los trabajos rebasen el nivel de simple exposici\u00f3n informativa y descriptiva.<\/li><li>Desarrollar la capacidad para formular temas de investigaci\u00f3n pertinentes, incluyendo la habilidad para plantear con rigor los objetivos de la tesis u otra modalidad de graduaci\u00f3n, y para establecer con claridad los l\u00edmites de la investigaci\u00f3n con respecto al campo de conocimiento al que pertenece.<\/li><li>En la medida en que participe en las actividades acad\u00e9micas del plan de estudios, desarrollar su capacidad de expresi\u00f3n verbal.<\/li><li>Alcanzar alto grado de especializaci\u00f3n en el campo de los estudios literarios que haya elegido y, en su caso, ser capaz de hacer ediciones o traducciones comentadas o cr\u00edticas de alto nivel.<\/li><li>Ampliar el panorama cultural de los estudiantes para que adquieran una visi\u00f3n de conjunto de las Humanidades.<\/li><li>Iniciar al alumno en la investigaci\u00f3n original y rigurosa en el \u00e1mbito de los estudios literarios y en sus relaciones con otras disciplinas, as\u00ed como capacitarlo para desarrollar habilidades cr\u00edticas que podr\u00e1 aplicar en uno o varios de los diversos campos y l\u00edneas de investigaci\u00f3n que se desarrollan en el programa.<\/li><\/ul>\n\n\n\n<h4 class=\"wp-block-heading\">Entidades participantes:<\/h4>\n\n\n\n<ul class=\"wp-block-list\"><li>Facultad de Filosof\u00eda y Letras (FFyL)<\/li><li>Instituto de Investigaciones Filol\u00f3gicas(IIFL)<\/li><\/ul>\n\n\n\n<h4 class=\"wp-block-heading\">Clave administrativa de la Maestr\u00eda en Letras:<\/h4>\n\n\n\n<ul class=\"wp-block-list\"><li>4110<\/li><\/ul>\n\n\n\n<h4 class=\"wp-block-heading\">Campos de conocimiento:<\/h4>\n\n\n\n<ul class=\"wp-block-list\"><li>Letras Cl\u00e1sicas<\/li><li>Letras Espa\u00f1olas<\/li><li>Letras Latinoamericanas<\/li><li>Letras Mexicanas<\/li><li>Letras Modernas (en lengua alemana, francesa, inglesa, italiana y portuguesa)<\/li><li>Literatura Comparada<\/li><\/ul>\n\n\n\n<h4 class=\"wp-block-heading\">Grado que se otorga:<\/h4>\n\n\n\n<ul class=\"wp-block-list\"><li>Maestro en Letras (Letras Cl\u00e1sicas)<\/li><li>Maestro en Letras (Letras Espa\u00f1olas)<\/li><li>Maestro en Letras (Letras Latinoamericanas)<\/li><li>Maestro en Letras (Letras Mexicanas)<\/li><li>Maestro en Letras (Letras Modernas en lengua alemana, francesa, inglesa, italiana y portuguesa)<\/li><li>Maestro en Letras (Literatura Comparada)<\/li><\/ul>\n\n\n\n<div style=\"height:50px\" aria-hidden=\"true\" class=\"wp-block-spacer\"><\/div>\n\n\n\n<h2 class=\"wp-block-heading\" id=\"perfiles\">Perfiles <\/h2>\n\n\n\n<p class=\"has-small-font-size\" id=\"perfiles\">(<a href=\"#inicio\">INICIO)<\/a><\/p>\n\n\n\n<h4 class=\"wp-block-heading\">Perfil de ingreso<\/h4>\n\n\n\n<p>El alumno que desee ingresar en la Maestr\u00eda en Letras deber\u00e1 tener conocimientos literarios s\u00f3lidos del campo elegido, as\u00ed como mostrar capacidad de an\u00e1lisis original, cr\u00edtico y conceptual del fen\u00f3meno literario en general. Deber\u00e1 poder redactar ensayos en los que exprese con claridad, coherencia y correcci\u00f3n gramatical ideas y argumentos cr\u00edticos en torno a un tema determinado. Deber\u00e1 tambi\u00e9n ser capaz de expresar oralmente sus ideas, con rigor y coherencia en la argumentaci\u00f3n, as\u00ed como de leer textos cr\u00edticos, te\u00f3ricos y literarios en ingl\u00e9s o franc\u00e9s y en otra lengua adicional.<\/p>\n\n\n\n<p>El aspirante que desee ingresar en el campo de Letras Cl\u00e1sicas o en el de Letras Modernas deber\u00e1 tener dominio total de la lengua de trabajo y nivel de comprensi\u00f3n en una segunda lengua, as\u00ed como s\u00f3lido conocimiento de la tradici\u00f3n literaria en la lengua correspondiente. En lo que respecta a Literatura Comparada, el aspirante deber\u00e1 tener posesi\u00f3n de una lengua extranjera y manejo de una adicional, conocimientos profundos de una tradici\u00f3n literaria e inter\u00e9s por aplicar un enfoque interling\u00fc\u00edstico, intercultural o interdisciplinario al estudio de la literatura.<\/p>\n\n\n\n<h4 class=\"wp-block-heading\">Perfil de egreso<\/h4>\n\n\n\n<p>El Maestro en Letras estar\u00e1 capacitado para realizar investigaci\u00f3n de alto nivel en diversas \u00e1reas de los estudios literarios, en la cual demuestre capacidad ya desarrollada de an\u00e1lisis original, cr\u00edtico y conceptual del fen\u00f3meno literario en general.<\/p>\n\n\n\n<p>Al concluir la Maestr\u00eda, el egresado estar\u00e1 capacitado para realizar, con alto grado de autonom\u00eda, investigaciones originales que tengan rigor cr\u00edtico y te\u00f3rico, as\u00ed como para formar a futuros especialistas en el \u00e1rea. Seg\u00fan el campo de conocimiento que haya elegido, tendr\u00e1 tambi\u00e9n la preparaci\u00f3n necesaria para realizar ediciones y traducciones comentadas y cr\u00edticas, con lo que podr\u00e1 colaborar en distintos medios culturales, como peri\u00f3dicos, revistas y edici\u00f3n de libros, entre otros.<\/p>\n\n\n\n<p>Tendr\u00e1 conocimiento s\u00f3lido de su campo de especializaci\u00f3n, as\u00ed como amplia visi\u00f3n de las Humanidades, la cual le permitir\u00e1 transmitir sus conocimientos en diferentes niveles educativos.<\/p>\n\n\n\n<p>Como resultado del contacto con el tutor y los profesores de la Maestr\u00eda, el egresado habr\u00e1 tomado conciencia de los valores \u00e9ticos que se promueven en la Universidad Nacional Aut\u00f3noma de M\u00e9xico, los cuales deber\u00e1 divulgar con integridad, responsabilidad y generosidad.<\/p>\n\n\n\n<h4 class=\"wp-block-heading\">Perfil del graduado<\/h4>\n\n\n\n<p>El graduado de la Maestr\u00eda en Letras estar\u00e1 capacitado para realizar con originalidad investigaciones filol\u00f3gicas y literarias de alto nivel en su campo de conocimiento, as\u00ed como para contribuir a la docencia en los niveles medio superior y superior. Podr\u00e1 realizar ediciones y traducciones comentadas y cr\u00edticas. Tendr\u00e1 las aptitudes necesarias para generar nuevo conocimiento y para participar activamente en la preservaci\u00f3n, reproducci\u00f3n, estudio cr\u00edtico y difusi\u00f3n de la literatura en sus diferentes manifestaciones.<\/p>\n\n\n\n<div style=\"height:50px\" aria-hidden=\"true\" class=\"wp-block-spacer\"><\/div>\n\n\n\n<h2 class=\"wp-block-heading\" id=\"duracion\">Duraci\u00f3n de los estudios<\/h2>\n\n\n\n<p class=\"has-small-font-size\"><meta charset=\"utf-8\">(<a href=\"#inicio\">INICIO)<\/a><\/p>\n\n\n\n<p>La Maestr\u00eda en Letras es escolarizada y su duraci\u00f3n es de cuatro semestres para los estudiantes de tiempo completo y de seis semestres para los de tiempo parcial. Los alumnos de tiempo completo ser\u00e1n aquellos que se registren en al menos tres actividades acad\u00e9micas y una tutor\u00eda en el semestre, mientras que los de tiempo parcial podr\u00e1n llevar s\u00f3lo una o dos actividades. En el momento de la primera inscripci\u00f3n, el interesado deber\u00e1 comunicar a la Coordinaci\u00f3n si desea ser estudiante de tiempo parcial.<\/p>\n\n\n\n<p>La clave de la Maestr\u00eda en Letras en la Unidad de Administraci\u00f3n de Posgrado es&nbsp;<strong>4110<\/strong>.<\/p>\n\n\n\n<p>El plan de estudios consta de un total de 72 cr\u00e9ditos: Estudios Te\u00f3ricos (obligatorios de elecci\u00f3n, 24 cr\u00e9ditos), Estudios Literarios (obligatorios de elecci\u00f3n, 24 cr\u00e9ditos), Actividades acad\u00e9micas complementarias (optativas de elecci\u00f3n, 12 cr\u00e9ditos) y Actividades acad\u00e9micas orientadas a la obtenci\u00f3n del grado (obligatorias, 12 cr\u00e9ditos). Si un alumno desea cursar materias de un campo de conocimiento diferente, debe solicitar la autorizaci\u00f3n del Comit\u00e9 Acad\u00e9mico.<\/p>\n\n\n\n<p>Al concluir los estudios, el alumno deber\u00e1 tener&nbsp;<strong>tres<\/strong>&nbsp;seminarios del \u00e1rea de Estudios Literarios del campo que haya elegido,&nbsp;<strong>tres<\/strong>&nbsp;de Estudios Te\u00f3ricos,&nbsp;<strong>tres<\/strong>&nbsp;Actividades acad\u00e9micas complementarias y&nbsp;<strong>cuatro<\/strong>&nbsp;Actividades acad\u00e9micas orientadas a la obtenci\u00f3n del grado (tres tutor\u00edas y un seminario).<\/p>\n\n\n\n<p>Una de las grandes ventajas que ofrece el nuevo sistema de posgrado es que se fomenta la investigaci\u00f3n interdisciplinaria, por lo que el alumno podr\u00e1 acreditar actividades acad\u00e9micas impartidas en otros programas de posgrado de la misma UNAM, as\u00ed como en otras instituciones de educaci\u00f3n superior nacionales y extranjeras. Esta opci\u00f3n debe ser autorizada por el tutor y por el Comit\u00e9 Acad\u00e9mico, en ning\u00fan caso deber\u00e1 rebasarse el cuarenta por ciento del total de cr\u00e9ditos del plan de estudios.<\/p>\n\n\n\n<p>El alumno elaborar\u00e1 la tesis durante las tres tutor\u00edas y concluir\u00e1 su trabajo en el Seminario para la obtenci\u00f3n del grado, el cual es una actividad obligatoria, sin valor de cr\u00e9ditos y su acreditaci\u00f3n se dar\u00e1 al concluir el trabajo.<\/p>\n\n\n\n<div style=\"height:50px\" aria-hidden=\"true\" class=\"wp-block-spacer\"><\/div>\n\n\n\n<h2 class=\"wp-block-heading\" id=\"mapa\">Mapa curricular<\/h2>\n\n\n\n<p class=\"has-small-font-size\"><meta charset=\"utf-8\">(<a href=\"#inicio\">INICIO)<\/a><\/p>\n\n\n\n<figure class=\"wp-block-gallery columns-1 is-cropped wp-block-gallery-2 is-layout-flex wp-block-gallery-is-layout-flex\"><ul class=\"blocks-gallery-grid\"><li class=\"blocks-gallery-item\"><figure><img loading=\"lazy\" decoding=\"async\" width=\"787\" height=\"646\" src=\"https:\/\/www.posgrado.unam.mx\/letras\/wp-content\/uploads\/2021\/09\/Maestri\u0301a_MapaCurricular.jpg\" alt=\"\" data-id=\"30\" data-full-url=\"https:\/\/www.posgrado.unam.mx\/letras\/wp-content\/uploads\/2021\/09\/Maestri\u0301a_MapaCurricular.jpg\" data-link=\"https:\/\/www.posgrado.unam.mx\/letras\/maestria_mapacurricular\/\" class=\"wp-image-30\" srcset=\"https:\/\/posgrado.unam.mx\/letras\/wp-content\/uploads\/2021\/09\/Maestri\u0301a_MapaCurricular.jpg 787w, https:\/\/posgrado.unam.mx\/letras\/wp-content\/uploads\/2021\/09\/Maestri\u0301a_MapaCurricular-300x246.jpg 300w, https:\/\/posgrado.unam.mx\/letras\/wp-content\/uploads\/2021\/09\/Maestri\u0301a_MapaCurricular-768x630.jpg 768w, https:\/\/posgrado.unam.mx\/letras\/wp-content\/uploads\/2021\/09\/Maestri\u0301a_MapaCurricular-329x270.jpg 329w\" sizes=\"auto, (max-width: 787px) 100vw, 787px\" \/><\/figure><\/li><\/ul><\/figure>\n\n\n\n<div style=\"height:50px\" aria-hidden=\"true\" class=\"wp-block-spacer\"><\/div>\n\n\n\n<h2 class=\"wp-block-heading\" id=\"requisitos\">Requisitos de ingreso<\/h2>\n\n\n\n<p class=\"has-small-font-size\"><meta charset=\"utf-8\">(<a href=\"#inicio\">INICIO)<\/a><\/p>\n\n\n\n<p>1. Provenir de una licenciatura en Letras af\u00edn al campo de conocimiento en el que desea ingresar y tener un promedio m\u00ednimo de ocho.<\/p>\n\n\n\n<p>S\u00f3lo en casos excepcionales (en los que el alumno compruebe una firme preparaci\u00f3n literaria y un promedio m\u00ednimo de nueve en licenciatura) se considerar\u00e1 a candidatos que procedan de otras disciplinas.<\/p>\n\n\n\n<p>2. Tener conocimientos de dos lenguas extranjeras, seg\u00fan se aclara m\u00e1s adelante.<\/p>\n\n\n\n<p>3. Los aspirantes deber\u00e1n sujetarse al proceso de selecci\u00f3n, que incluye ex\u00e1menes de admisi\u00f3n, una entrevista y un curso proped\u00e9utico.<\/p>\n\n\n\n<p>4. Compromiso de dedicaci\u00f3n de tiempo completo. El Comit\u00e9 Acad\u00e9mico otorgar\u00e1, de acuerdo con lo estipulado en las Normas Operativas, la condici\u00f3n de alumno de tiempo parcial.<\/p>\n\n\n\n<p>El aspirante deber\u00e1 cubrir todos los procedimientos especificados en las Normas Operativas del Programa. Cualquier situaci\u00f3n acad\u00e9mica no contemplada aqu\u00ed ser\u00e1 resuelta por el Comit\u00e9 Acad\u00e9mico, cuya decisi\u00f3n ser\u00e1 final e inapelable<\/p>\n\n\n\n<p><strong>Documentos que el alumno deber\u00e1 presentar para su ingreso en la Maestr\u00eda<\/strong><\/p>\n\n\n\n<p>1. T\u00edtulo de licenciatura <sup><a name=\"_ftnref1\" href=\"#_ftn1\"><strong>[1]<\/strong><\/a><\/sup><\/p>\n\n\n\n<p>2. Certificado acad\u00e9mico de licenciatura<\/p>\n\n\n\n<p>3. C\u00e9dula profesional (en el caso de los candidatos con estudios en M\u00e9xico)<\/p>\n\n\n\n<p>4. Acta de nacimiento <sup><a name=\"_ftnref2\" href=\"#_ftn2\"><strong>[2]<\/strong><\/a><\/sup><\/p>\n\n\n\n<p>5. Carta de exposici\u00f3n de motivos acad\u00e9micos por los que se desea ingresar en el programa.<\/p>\n\n\n\n<p>6. Anteproyecto de investigaci\u00f3n, es decir, un ensayo de ocho a diez cuartillas en donde se resuma el tema, la justificaci\u00f3n, los objetivos y la metodolog\u00eda, adem\u00e1s de incluir la bibliohemerograf\u00eda correspondiente.<\/p>\n\n\n\n<p>7. Curr\u00edculum v\u00edtae<\/p>\n\n\n\n<p>8. Constancia de dominio de idiomas extranjeros. Se aceptar\u00e1n certificados expedidos por cualquiera de las siguientes instituciones: Delefyl, Cele, Instituto Goethe, Instituto Franc\u00e9s de Am\u00e9rica Latina, Instituto Anglo-Mexicano de Cultura, Embajada de Estados Unidos (Toefl), Instituto Italiano de Cultura.<\/p>\n\n\n\n<p><strong>Letras Espa\u00f1olas, Latinoamericanas o Mexicanas<\/strong>: alto nivel de comprensi\u00f3n de lectura de dos idiomas extranjeros, uno de los cuales deber\u00e1 ser ingl\u00e9s o franc\u00e9s.<\/p>\n\n\n\n<p><strong>Literatura Comparada o Letras Modernas<\/strong>: posesi\u00f3n de la lengua extranjera, correspondiente al campo elegido, y alto nivel de comprensi\u00f3n de lectura de una segunda lengua. Uno de los dos idiomas deber\u00e1 ser obligatoriamente ingl\u00e9s o franc\u00e9s.<\/p>\n\n\n\n<p><strong>Letras Cl\u00e1sicas<\/strong>: conocimientos de las lenguas cl\u00e1sicas, ya sea por haber cursado una licenciatura antecedente, por haber completado los cursos de lat\u00edn y griego que proporciona la Facultad de Filosof\u00eda y Letras, o a trav\u00e9s de un examen ante un profesor o investigador titular del \u00e1rea, designado por el Comit\u00e9 Acad\u00e9mico. Adem\u00e1s, demostrar un alto nivel de comprensi\u00f3n de lectura en otra lengua.<\/p>\n\n\n\n<p>Alumnos extranjeros o con estudios en el extranjero:<\/p>\n\n\n\n<p>En caso de ser aceptados, los estudiantes extranjeros deber\u00e1n contar con los documentos migratorios debidamente legalizados, adem\u00e1s de realizar oportunamente los tr\u00e1mites subsecuentes para renovar la visa, y entregar todo en la Unidad de Administraci\u00f3n de Posgrado (UAP).<\/p>\n\n\n\n<p>Los documentos probatorios de trayectoria acad\u00e9mica y el acta de nacimiento deber\u00e1n contar con la&nbsp;<strong>Apostilla de la Haya<\/strong>&nbsp;y con una traducci\u00f3n legalizada.<\/p>\n\n\n\n<p>Los estudiantes cuya lengua materna no sea el espa\u00f1ol tendr\u00e1n que demostrar la&nbsp;<strong>posesi\u00f3n<\/strong>&nbsp;del idioma antes de ingresar en el programa, mediante el examen que se presenta en el Centro de Ense\u00f1anza para Extranjeros de la UNAM.<\/p>\n\n\n\n<p>Los alumnos que realizaron estudios en el extranjero deber\u00e1n presentar todos los documentos originales en la&nbsp;<strong>Apostilla de la Haya<\/strong>&nbsp;y, en su caso, la traducci\u00f3n hecha por un perito traductor en M\u00e9xico.<sup><a name=\"_ftnref3\" href=\"#_ftn3\"><strong>[3]<\/strong><\/a><\/sup> Si son aceptados, deber\u00e1n presentar la constancia de revalidaci\u00f3n emitida por la Direcci\u00f3n General de Incorporaci\u00f3n y Revalidaci\u00f3n de Estudios (DGIRE) de la UNAM.<\/p>\n\n\n\n<div style=\"height:50px\" aria-hidden=\"true\" class=\"wp-block-spacer\"><\/div>\n\n\n\n<h2 class=\"wp-block-heading\" id=\"actividades\">Actividades acad\u00e9micas orientadas a la obtenci\u00f3n del grado<\/h2>\n\n\n\n<p class=\"has-small-font-size\"><meta charset=\"utf-8\">(<a href=\"#inicio\">INICIO)<\/a><\/p>\n\n\n\n<p>(Tutor\u00edas de Maestr\u00eda, obligatorias)<\/p>\n\n\n\n<p>Al iniciar sus estudios, a cada alumno se le asigna un tutor, con el cual estar\u00e1 en contacto permanente a lo largo de los semestres reglamentarios.<\/p>\n\n\n\n<p>El trabajo en tutor\u00edas es obligatorio durante los primeros tres semestres. A lo largo del primero, la actividad de tutor\u00eda tendr\u00e1 la funci\u00f3n de introducir al alumno en la metodolog\u00eda de la investigaci\u00f3n, as\u00ed como de orientarlo en la b\u00fasqueda y organizaci\u00f3n de material bibliohemerogr\u00e1fico y en la definici\u00f3n del proyecto de investigaci\u00f3n. En los dos semestres siguientes, las actividades de tutor\u00eda deber\u00e1n concentrarse en desarrollar las habilidades cr\u00edticas del estudiante; en especial, se cuidar\u00e1 su capacidad para realizar lecturas sensibles y acuciosas de los textos elegidos, adem\u00e1s de su facultad de conceptualizaci\u00f3n y problematizaci\u00f3n del fen\u00f3meno literario en general.<\/p>\n\n\n\n<p>Las tutor\u00edas ser\u00e1n evaluadas en actas semestrales en las que se indicar\u00e1 si el alumno ha realizado las lecturas requeridas, si ha cumplido con los avances correspondientes en la elaboraci\u00f3n del trabajo de tesis o el de otra modalidad de graduaci\u00f3n, y si ha alcanzado el nivel acad\u00e9mico solicitado por el tutor.<\/p>\n\n\n\n<p>El Seminario para la obtenci\u00f3n del grado es la actividad correspondiente al cuarto semestre del plan de estudios. Se realiza bajo la direcci\u00f3n del tutor, tiene como objetivo que el alumno concluya el trabajo para la graduaci\u00f3n y reciba la aprobaci\u00f3n del tutor en los plazos establecidos. Es una actividad obligatoria, sin valor en cr\u00e9ditos y su acreditaci\u00f3n se dar\u00e1 al concluir el trabajo.<\/p>\n\n\n\n<hr class=\"wp-block-separator is-style-wide\"\/>\n\n\n\n<p class=\"has-small-font-size\" id=\"ftn1\"><a href=\"#_ftnref1\" name=\"_ftn1\">[1]<\/a> En el caso de alumnos egresados de la UNAM basta con entregar copia del t\u00edtulo y la c\u00e9dula profesional, ambas por los dos lados.<\/p>\n\n\n\n<p class=\"has-small-font-size\">Los alumnos procedentes de otras universidades deben entregar copia de la documentaci\u00f3n pertinente al realizar los tr\u00e1mites de admisi\u00f3n; al ser aceptados deben confrontar el original en la Divisi\u00f3n de Estudios de Posgrado de la Facultad de Filosof\u00eda y Letras.<\/p>\n\n\n\n<p class=\"has-small-font-size\" id=\"ftn2\"><a href=\"#_ftnref2\" name=\"_ftn2\">[2]<\/a> El acta de nacimiento debe ser original, al igual que el certificado de estudios de licenciatura.<\/p>\n\n\n\n<p class=\"has-small-font-size\" id=\"ftn3\"><a href=\"#_ftnref3\" name=\"_ftn3\">[3]<\/a> En caso de que el pa\u00eds no expida la&nbsp;<strong>Apostilla de la Haya,<\/strong>&nbsp;es necesaria la certificaci\u00f3n correspondiente.<\/p>\n","protected":false},"excerpt":{"rendered":"<p>Objetivos Desarrollar la capacidad del estudiante para realizar an\u00e1lisis textuales originales bien fundamentados. Dotar al alumno de conocimiento sistem\u00e1tico de modelos y enfoques cr\u00edtico-te\u00f3ricos, as\u00ed como desarrollar su capacidad para <a href=\"https:\/\/posgrado.unam.mx\/letras\/maestria\/\" class=\"read-more\">Read More &#8230;<\/a><\/p>\n","protected":false},"author":1,"featured_media":0,"parent":0,"menu_order":0,"comment_status":"closed","ping_status":"closed","template":"","meta":{"footnotes":""},"class_list":["post-28","page","type-page","status-publish","hentry"],"_links":{"self":[{"href":"https:\/\/posgrado.unam.mx\/letras\/wp-json\/wp\/v2\/pages\/28","targetHints":{"allow":["GET"]}}],"collection":[{"href":"https:\/\/posgrado.unam.mx\/letras\/wp-json\/wp\/v2\/pages"}],"about":[{"href":"https:\/\/posgrado.unam.mx\/letras\/wp-json\/wp\/v2\/types\/page"}],"author":[{"embeddable":true,"href":"https:\/\/posgrado.unam.mx\/letras\/wp-json\/wp\/v2\/users\/1"}],"replies":[{"embeddable":true,"href":"https:\/\/posgrado.unam.mx\/letras\/wp-json\/wp\/v2\/comments?post=28"}],"version-history":[{"count":18,"href":"https:\/\/posgrado.unam.mx\/letras\/wp-json\/wp\/v2\/pages\/28\/revisions"}],"predecessor-version":[{"id":107,"href":"https:\/\/posgrado.unam.mx\/letras\/wp-json\/wp\/v2\/pages\/28\/revisions\/107"}],"wp:attachment":[{"href":"https:\/\/posgrado.unam.mx\/letras\/wp-json\/wp\/v2\/media?parent=28"}],"curies":[{"name":"wp","href":"https:\/\/api.w.org\/{rel}","templated":true}]}}