{"id":115,"date":"2021-09-05T13:12:30","date_gmt":"2021-09-05T18:12:30","guid":{"rendered":"https:\/\/www.posgrado.unam.mx\/letras\/?page_id=115"},"modified":"2023-11-27T11:58:02","modified_gmt":"2023-11-27T17:58:02","slug":"publicaciones","status":"publish","type":"page","link":"https:\/\/posgrado.unam.mx\/letras\/publicaciones\/","title":{"rendered":"Publicaciones"},"content":{"rendered":"\n<figure class=\"wp-block-image size-full\"><img loading=\"lazy\" decoding=\"async\" width=\"1024\" height=\"550\" src=\"https:\/\/www.posgrado.unam.mx\/letras\/wp-content\/uploads\/2021\/09\/pag_publicaciones.jpeg\" alt=\"\" class=\"wp-image-284\" srcset=\"https:\/\/posgrado.unam.mx\/letras\/wp-content\/uploads\/2021\/09\/pag_publicaciones.jpeg 1024w, https:\/\/posgrado.unam.mx\/letras\/wp-content\/uploads\/2021\/09\/pag_publicaciones-300x161.jpeg 300w, https:\/\/posgrado.unam.mx\/letras\/wp-content\/uploads\/2021\/09\/pag_publicaciones-768x413.jpeg 768w, https:\/\/posgrado.unam.mx\/letras\/wp-content\/uploads\/2021\/09\/pag_publicaciones-360x193.jpeg 360w\" sizes=\"auto, (max-width: 1024px) 100vw, 1024px\" \/><\/figure>\n\n\n\n<div style=\"height:30px\" aria-hidden=\"true\" class=\"wp-block-spacer\"><\/div>\n\n\n\n<h4 class=\"wp-block-heading\"><strong>Reflexiones en torno a la obra de Alfonso X, el sabio: homenaje en sus 800<br>a\u00f1os<\/strong><\/h4>\n\n\n\n<p>Compilaci\u00f3n:&nbsp;<strong>Mar\u00eda Teresa Miaja de la Pe\u00f1a, Yalentay Olinca Olvera Hern\u00e1ndez, Rafael Rodr\u00edguez Victoria, Ana Elvira Vilchis Barrera.<\/strong><br>A\u00f1o: 2022<br>ISBN (PDF):&nbsp;978-607-30-7903-7<\/p>\n\n\n\n<figure class=\"wp-block-table is-style-stripes\"><table class=\"has-fixed-layout\"><tbody><tr><td><a href=\"https:\/\/posgrado.unam.mx\/letras\/wp-content\/uploads\/2023\/11\/Reflexiones-en-torno-a-la-obra-de-Alfonso-X2023B.pdf\" target=\"_blank\" rel=\"noreferrer noopener\"><img loading=\"lazy\" decoding=\"async\" width=\"200\" height=\"262\" class=\"wp-image-1799\" style=\"width: 200px;\" src=\"https:\/\/posgrado.unam.mx\/letras\/wp-content\/uploads\/2023\/11\/05_port_Reflexiones_entorno_a_la_obra_de_Alfonso_X.jpeg\" alt=\"\" srcset=\"https:\/\/posgrado.unam.mx\/letras\/wp-content\/uploads\/2023\/11\/05_port_Reflexiones_entorno_a_la_obra_de_Alfonso_X.jpeg 229w, https:\/\/posgrado.unam.mx\/letras\/wp-content\/uploads\/2023\/11\/05_port_Reflexiones_entorno_a_la_obra_de_Alfonso_X-206x270.jpeg 206w\" sizes=\"auto, (max-width: 200px) 100vw, 200px\" \/><\/a><\/td><td><\/td><\/tr><\/tbody><\/table><\/figure>\n\n\n\n<div style=\"height:50px\" aria-hidden=\"true\" class=\"wp-block-spacer\"><\/div>\n\n\n\n<h4 class=\"wp-block-heading\"><strong>El drama de la muerte: el cad\u00e1ver y su representaci\u00f3n en las tragedias de venganza<\/strong><\/h4>\n\n\n\n<p>Autor:&nbsp;<strong>Nelya Babynets<\/strong><br>A\u00f1o: 2018<br>ISBN (PDF):&nbsp;978-607-30-1402-1<\/p>\n\n\n\n<figure class=\"wp-block-table is-style-stripes\"><table class=\"has-fixed-layout\"><tbody><tr><td><a href=\"http:\/\/www.posgrado.unam.mx\/letras\/count\/let_drama_c.html\" target=\"_blank\" rel=\"noreferrer noopener\"><img loading=\"lazy\" decoding=\"async\" width=\"200\" height=\"262\" class=\"wp-image-296\" style=\"width: 200px;\" src=\"https:\/\/www.posgrado.unam.mx\/letras\/wp-content\/uploads\/2021\/09\/04_port_El_drama_col.jpeg\" alt=\"\" srcset=\"https:\/\/posgrado.unam.mx\/letras\/wp-content\/uploads\/2021\/09\/04_port_El_drama_col.jpeg 315w, https:\/\/posgrado.unam.mx\/letras\/wp-content\/uploads\/2021\/09\/04_port_El_drama_col-229x300.jpeg 229w, https:\/\/posgrado.unam.mx\/letras\/wp-content\/uploads\/2021\/09\/04_port_El_drama_col-206x270.jpeg 206w\" sizes=\"auto, (max-width: 200px) 100vw, 200px\" \/><\/a><\/td><td><a href=\"http:\/\/www.posgrado.unam.mx\/letras\/count\/let_drama_bn.html\" data-type=\"URL\" data-id=\"http:\/\/www.posgrado.unam.mx\/letras\/count\/let_drama_bn.html\" target=\"_blank\" rel=\"noreferrer noopener\"><img loading=\"lazy\" decoding=\"async\" width=\"200\" height=\"262\" class=\"wp-image-295\" style=\"width: 200px;\" src=\"https:\/\/www.posgrado.unam.mx\/letras\/wp-content\/uploads\/2021\/09\/04_port_El_drama_bn.jpeg\" alt=\"\" srcset=\"https:\/\/posgrado.unam.mx\/letras\/wp-content\/uploads\/2021\/09\/04_port_El_drama_bn.jpeg 315w, https:\/\/posgrado.unam.mx\/letras\/wp-content\/uploads\/2021\/09\/04_port_El_drama_bn-229x300.jpeg 229w, https:\/\/posgrado.unam.mx\/letras\/wp-content\/uploads\/2021\/09\/04_port_El_drama_bn-206x270.jpeg 206w\" sizes=\"auto, (max-width: 200px) 100vw, 200px\" \/><\/a><\/td><\/tr><\/tbody><\/table><\/figure>\n\n\n\n<div style=\"height:50px\" aria-hidden=\"true\" class=\"wp-block-spacer\"><\/div>\n\n\n\n<h4 class=\"wp-block-heading\"><strong>Fulquero de Chartres y Roberto el monje. Dos versiones del serm\u00f3n de Urbano II en Clermont: un comentario de texto<\/strong><\/h4>\n\n\n\n<p>Autor:&nbsp;<strong>Daniel Sefami Paz<\/strong><br>A\u00f1o: 2018<br>ISBN (PDF):&nbsp;978-607-30-0748-1<\/p>\n\n\n\n<figure class=\"wp-block-table is-style-stripes\"><table class=\"has-fixed-layout\"><tbody><tr><td><a href=\"http:\/\/www.posgrado.unam.mx\/letras\/count\/let_fulquero_c.html\" data-type=\"URL\" data-id=\"http:\/\/www.posgrado.unam.mx\/letras\/count\/let_fulquero_c.html\" target=\"_blank\" rel=\"noreferrer noopener\"><img loading=\"lazy\" decoding=\"async\" width=\"200\" height=\"262\" class=\"wp-image-294\" style=\"width: 200px;\" src=\"https:\/\/www.posgrado.unam.mx\/letras\/wp-content\/uploads\/2021\/09\/03_port_fulquero_col.jpeg\" alt=\"\" srcset=\"https:\/\/posgrado.unam.mx\/letras\/wp-content\/uploads\/2021\/09\/03_port_fulquero_col.jpeg 315w, https:\/\/posgrado.unam.mx\/letras\/wp-content\/uploads\/2021\/09\/03_port_fulquero_col-229x300.jpeg 229w, https:\/\/posgrado.unam.mx\/letras\/wp-content\/uploads\/2021\/09\/03_port_fulquero_col-206x270.jpeg 206w\" sizes=\"auto, (max-width: 200px) 100vw, 200px\" \/><\/a><\/td><td><a href=\"http:\/\/www.posgrado.unam.mx\/letras\/count\/let_fulquero_bn.html\" data-type=\"URL\" data-id=\"http:\/\/www.posgrado.unam.mx\/letras\/count\/let_fulquero_bn.html\" target=\"_blank\" rel=\"noreferrer noopener\"><img loading=\"lazy\" decoding=\"async\" width=\"200\" height=\"262\" class=\"wp-image-293\" style=\"width: 200px;\" src=\"https:\/\/www.posgrado.unam.mx\/letras\/wp-content\/uploads\/2021\/09\/03_port_fulquero_bn.jpeg\" alt=\"\" srcset=\"https:\/\/posgrado.unam.mx\/letras\/wp-content\/uploads\/2021\/09\/03_port_fulquero_bn.jpeg 315w, https:\/\/posgrado.unam.mx\/letras\/wp-content\/uploads\/2021\/09\/03_port_fulquero_bn-229x300.jpeg 229w, https:\/\/posgrado.unam.mx\/letras\/wp-content\/uploads\/2021\/09\/03_port_fulquero_bn-206x270.jpeg 206w\" sizes=\"auto, (max-width: 200px) 100vw, 200px\" \/><\/a><\/td><\/tr><\/tbody><\/table><\/figure>\n\n\n\n<div style=\"height:50px\" aria-hidden=\"true\" class=\"wp-block-spacer\"><\/div>\n\n\n\n<h4 class=\"wp-block-heading\"><strong>El expedicionario-conquistador en la novela hist\u00f3rica latinoamericana contempor\u00e1nea<\/strong><\/h4>\n\n\n\n<p>Autor:&nbsp;<strong>Diana Sof\u00eda S\u00e1nchez Hern\u00e1ndez<\/strong><br>A\u00f1o: 2017<br>ISBN (PDF):&nbsp;978-607-02-9789-2<\/p>\n\n\n\n<figure class=\"wp-block-table is-style-stripes\"><table class=\"has-fixed-layout\"><tbody><tr><td><a href=\"http:\/\/www.posgrado.unam.mx\/letras\/count\/let_exped_c.html\" data-type=\"URL\" data-id=\"http:\/\/www.posgrado.unam.mx\/letras\/count\/let_exped_c.html\" target=\"_blank\" rel=\"noreferrer noopener\"><img loading=\"lazy\" decoding=\"async\" width=\"200\" height=\"262\" class=\"wp-image-292\" style=\"width: 200px;\" src=\"https:\/\/www.posgrado.unam.mx\/letras\/wp-content\/uploads\/2021\/09\/02_port_expedicionario_col.jpeg\" alt=\"\" srcset=\"https:\/\/posgrado.unam.mx\/letras\/wp-content\/uploads\/2021\/09\/02_port_expedicionario_col.jpeg 315w, https:\/\/posgrado.unam.mx\/letras\/wp-content\/uploads\/2021\/09\/02_port_expedicionario_col-229x300.jpeg 229w, https:\/\/posgrado.unam.mx\/letras\/wp-content\/uploads\/2021\/09\/02_port_expedicionario_col-206x270.jpeg 206w\" sizes=\"auto, (max-width: 200px) 100vw, 200px\" \/><\/a><\/td><td><a href=\"http:\/\/www.posgrado.unam.mx\/letras\/count\/let_exped_bn.html\" data-type=\"URL\" data-id=\"http:\/\/www.posgrado.unam.mx\/letras\/count\/let_exped_bn.html\" target=\"_blank\" rel=\"noreferrer noopener\"><img loading=\"lazy\" decoding=\"async\" width=\"200\" height=\"262\" class=\"wp-image-291\" style=\"width: 200px;\" src=\"https:\/\/www.posgrado.unam.mx\/letras\/wp-content\/uploads\/2021\/09\/02_port_expedicionario_bn.jpeg\" alt=\"\" srcset=\"https:\/\/posgrado.unam.mx\/letras\/wp-content\/uploads\/2021\/09\/02_port_expedicionario_bn.jpeg 315w, https:\/\/posgrado.unam.mx\/letras\/wp-content\/uploads\/2021\/09\/02_port_expedicionario_bn-229x300.jpeg 229w, https:\/\/posgrado.unam.mx\/letras\/wp-content\/uploads\/2021\/09\/02_port_expedicionario_bn-206x270.jpeg 206w\" sizes=\"auto, (max-width: 200px) 100vw, 200px\" \/><\/a><\/td><\/tr><\/tbody><\/table><\/figure>\n\n\n\n<div style=\"height:50px\" aria-hidden=\"true\" class=\"wp-block-spacer\"><\/div>\n\n\n\n<h4 class=\"wp-block-heading\"><strong>Bibliograf\u00eda de la investigaci\u00f3n literaria y cinematogr\u00e1fica publicada en M\u00e9xico 2001-2014<\/strong><\/h4>\n\n\n\n<p>Autor: <strong>Lauro Zavala<\/strong><br>A\u00f1o: 2016<br>ISBN (PDF): 978-607-02-8085-6<\/p>\n\n\n\n<figure class=\"wp-block-table is-style-stripes\"><table class=\"has-fixed-layout\"><tbody><tr><td><a href=\"http:\/\/www.posgrado.unam.mx\/letras\/count\/let_biblio_c.html\" data-type=\"URL\" data-id=\"http:\/\/www.posgrado.unam.mx\/letras\/count\/let_biblio_c.html\" target=\"_blank\" rel=\"noreferrer noopener\"><img loading=\"lazy\" decoding=\"async\" width=\"200\" height=\"262\" class=\"wp-image-290\" style=\"width: 200px;\" src=\"https:\/\/www.posgrado.unam.mx\/letras\/wp-content\/uploads\/2021\/09\/01_port_biblio_de_investigacion_col-229x300-1.jpeg\" alt=\"\" srcset=\"https:\/\/posgrado.unam.mx\/letras\/wp-content\/uploads\/2021\/09\/01_port_biblio_de_investigacion_col-229x300-1.jpeg 229w, https:\/\/posgrado.unam.mx\/letras\/wp-content\/uploads\/2021\/09\/01_port_biblio_de_investigacion_col-229x300-1-206x270.jpeg 206w\" sizes=\"auto, (max-width: 200px) 100vw, 200px\" \/><\/a><\/td><td><a href=\"http:\/\/www.posgrado.unam.mx\/letras\/count\/let_biblio_bn.html\" target=\"_blank\" rel=\"noreferrer noopener\"><img loading=\"lazy\" decoding=\"async\" width=\"200\" height=\"261\" class=\"wp-image-289\" style=\"width: 200px;\" src=\"https:\/\/www.posgrado.unam.mx\/letras\/wp-content\/uploads\/2021\/09\/01_port_biblio_de_investigacion_bn-230x300-1.jpeg\" alt=\"\" srcset=\"https:\/\/posgrado.unam.mx\/letras\/wp-content\/uploads\/2021\/09\/01_port_biblio_de_investigacion_bn-230x300-1.jpeg 230w, https:\/\/posgrado.unam.mx\/letras\/wp-content\/uploads\/2021\/09\/01_port_biblio_de_investigacion_bn-230x300-1-207x270.jpeg 207w\" sizes=\"auto, (max-width: 200px) 100vw, 200px\" \/><\/a><\/td><\/tr><\/tbody><\/table><\/figure>\n\n\n\n<p><\/p>\n","protected":false},"excerpt":{"rendered":"<p>Reflexiones en torno a la obra de Alfonso X, el sabio: homenaje en sus 800a\u00f1os Compilaci\u00f3n:&nbsp;Mar\u00eda Teresa Miaja de la Pe\u00f1a, Yalentay Olinca Olvera Hern\u00e1ndez, Rafael Rodr\u00edguez Victoria, Ana Elvira <a href=\"https:\/\/posgrado.unam.mx\/letras\/publicaciones\/\" class=\"read-more\">Read More &#8230;<\/a><\/p>\n","protected":false},"author":1,"featured_media":0,"parent":0,"menu_order":0,"comment_status":"closed","ping_status":"closed","template":"","meta":{"footnotes":""},"class_list":["post-115","page","type-page","status-publish","hentry"],"_links":{"self":[{"href":"https:\/\/posgrado.unam.mx\/letras\/wp-json\/wp\/v2\/pages\/115","targetHints":{"allow":["GET"]}}],"collection":[{"href":"https:\/\/posgrado.unam.mx\/letras\/wp-json\/wp\/v2\/pages"}],"about":[{"href":"https:\/\/posgrado.unam.mx\/letras\/wp-json\/wp\/v2\/types\/page"}],"author":[{"embeddable":true,"href":"https:\/\/posgrado.unam.mx\/letras\/wp-json\/wp\/v2\/users\/1"}],"replies":[{"embeddable":true,"href":"https:\/\/posgrado.unam.mx\/letras\/wp-json\/wp\/v2\/comments?post=115"}],"version-history":[{"count":16,"href":"https:\/\/posgrado.unam.mx\/letras\/wp-json\/wp\/v2\/pages\/115\/revisions"}],"predecessor-version":[{"id":1831,"href":"https:\/\/posgrado.unam.mx\/letras\/wp-json\/wp\/v2\/pages\/115\/revisions\/1831"}],"wp:attachment":[{"href":"https:\/\/posgrado.unam.mx\/letras\/wp-json\/wp\/v2\/media?parent=115"}],"curies":[{"name":"wp","href":"https:\/\/api.w.org\/{rel}","templated":true}]}}