{"id":98,"date":"2017-07-28T11:15:10","date_gmt":"2017-07-28T17:15:10","guid":{"rendered":"http:\/\/pmdi.dspbit.com\/?page_id=98"},"modified":"2025-05-12T13:11:43","modified_gmt":"2025-05-12T18:11:43","slug":"acuerdos","status":"publish","type":"page","link":"https:\/\/posgrado.unam.mx\/ingenieria\/acuerdos\/","title":{"rendered":"Acuerdos"},"content":{"rendered":"<h1>Acuerdos del Comit\u00e9 Acad\u00e9mico<\/h1>\n<ul class=\"prog_act\">\n<li style=\"text-decoration: none;\" align=\"justify\";>\n<b class=\"titulares\">R\u00fabricas de recomendaciones a jurados para el otorgamiento de Menci\u00f3n Honor\u00edfica<\/b><\/p>\n<p>El Comit\u00e9 Acad\u00e9mico acord\u00f3 que para mantener el otorgamiento de la Menci\u00f3n<br \/>\nHonor\u00edfica como una distinci\u00f3n especial a estudiantes sobresalientes con<br \/>\nuna fehaciente trayectoria acad\u00e9mica destacada, se recomiende a los jurados<br \/>\nde ex\u00e1menes de grado completar la r\u00fabrica de otorgamiento de menci\u00f3n<br \/>\nhonor\u00edfica, garantizando as\u00ed una evaluaci\u00f3n clara y fundamentada del<br \/>\nsustentante.<\/p>\n<ul>\n<li><a href=\"https:\/\/posgrado.unam.mx\/ingenieria\/wp-content\/uploads\/2025\/05\/Maestria_Rubrica-para-otorgamiento-de-Mencion-Honorifica_Rev1_250424.pdf\" target=\"_blank\">&#8211; Maestria_Rubrica-para-otorgamiento-de-Mencion-Honorifica_Rev1_250424<\/a><\/li>\n<li><a href=\"https:\/\/posgrado.unam.mx\/ingenieria\/wp-content\/uploads\/2025\/05\/Doctorado_Rubrica-para-otorgamiento-de-Mencion-Honorifica_Rev1_250424.pdf\" target=\"_blank\">&#8211; Doctorado_Rubrica-para-otorgamiento-de-Mencion-Honorifica_Rev1_250424<\/a><\/li>\n<\/ul>\n<\/li>\n<\/ul>\n<p>&nbsp;<\/p>\n<ul class=\"prog_act\">\n<li style=\"text-decoration: none;\" align=\"justify\";>\n<b class=\"titulares\">Art\u00edculo de investigaci\u00f3n de estudiantes de maestr\u00eda<\/b><br \/>\nAcuerdo del 19 de febrero del 2021:<\/p>\n<p>El Comit\u00e9 Acad\u00e9mico acord\u00f3 que para los alumnos de maestr\u00eda que escojan la modalidad de titulaci\u00f3n por Art\u00edculo de Investigaci\u00f3n, los requisitos son que el alumno sea el primer autor del art\u00edculo y que la revista en la cual se haya publicado, o haya sido aceptado para publicaci\u00f3n, se encuentre en los \u00edndices JCR, o Scopus, o Scimago, o en el padr\u00f3n de revistas del CONACYT.<\/li>\n<\/ul>\n<p>&nbsp;<\/p>\n<ul class=\"prog_act\">\n<li style=\"text-decoration: none;\" align=\"justify\";>\n<b class=\"titulares\">Registro de Art\u00edculo o Patente<\/b><br \/>\nAcuerdo del 5 de septiembre del 2019:<\/p>\n<p>El Comit\u00e9 Acad\u00e9mico ampli\u00f3 los \u00edndices para las revistas indizadas a JCR, Scopus y Scimago; en cuanto a los casos de excepci\u00f3n*, \u00e9stos deber\u00e1n presentarse a principios del 9\u00ba semestre con articulo enviado y carta aval de todo el jurado.<\/p>\n<p>* El tiempo m\u00e1ximo admisible para entregar la aprobaci\u00f3n un\u00e1nime y por escrito de los miembros del jurado de examen de grado para avalar la calidad del art\u00edculo o solicitud de patente ser\u00e1 al inicio del noveno semestre, durante los dos primeros meses.<\/li>\n<\/ul>\n<p>&nbsp;<\/p>\n<ul class=\"prog_act\">\n<li style=\"text-decoration: none;\" align=\"justify\";>\n<b class=\"titulares\">Direcci\u00f3n de tesis de tutores externos<\/b><br \/>\nAcuerdo del 5 de septiembre del 2019:<\/p>\n<p>El Comit\u00e9 Acad\u00e9mico aprob\u00f3 la propuesta de que cuando un aspirante a maestr\u00eda o a doctorado proponga como tutor principal a un tutor externo al PMDI, este deber\u00e1 ser previamente aceptado como tutor del estudiante por el campo de conocimiento correspondiente y por el Comit\u00e9 Acad\u00e9mico. Adicionalmente, el aspirante deber\u00e1 proponer tambi\u00e9n un segundo tutor principal que pertenezca al cuerpo de tutores de doctorado del PMDI, preferentemente en el campo de conocimiento al que solicita. <\/li>\n<\/ul>\n<p>&nbsp;<br \/>\n<!--\n\n\n<ul class=\"prog_act\">\n \t\n\n<li style=\"text-decoration: none;\" align=\"justify\";>\n<a style=\"text-decoration: none;\" href=\"https:\/\/posgrado.unam.mx\/ingenieria\/wp-content\/uploads\/2022\/06\/LINEAMIENTOS-DE-MENCION-Rev.1.pdf\"> <b class=\"titulares\">MENCI\u00d3N HONOR\u00cdFICA.<\/b><\/a>\nRequisitos generales para el otorgamiento de Menci\u00f3n Honor\u00edfica a alumnos sobresalientes de Maestr\u00eda y Doctorado en los ex\u00e1menes de grado.<\/li>\n\n\n<\/ul>\n\n\n&nbsp;\n--><\/p>\n<ul class=\"prog_act\">\n<li style=\"text-decoration: none;\" align=\"justify\"><b class=\"titulares\">DOCUMENTOS PARA ORDEN DEL D\u00cdA DE LAS SESIONES DEL C.A. <\/b><br \/>\nEn la reuni\u00f3n del C.A. celebrada el d\u00eda 23 de septiembre del 2004, se acord\u00f3 que la aceptaci\u00f3n de documentos para ser incluidos en el Orden del D\u00eda deber\u00e1n hacerse llegar a m\u00e1s tardar el viernes anterior a la fecha programada de la sesi\u00f3n.<\/li>\n<\/ul>\n<p>&nbsp;<\/p>\n<ul class=\"prog_act\">\n<li style=\"text-decoration: none;\" align=\"justify\"><i>18-09-2003<\/i> &#8211; <b class=\"titulares\"> SOLICITUD DE APROBACI\u00d3N DE TEMA DE TESIS Y TUTOR PRINCIPAL.<\/b><br \/>\nTodos los alumnos de maestr\u00eda deber\u00e1n solicitar la aprobaci\u00f3n del tema de tesis y tutor principal antes de inscribirse al Proyecto o Trabajo de Investigaci\u00f3n I. Los estudiantes de doctorado lo deber\u00e1n hacer a principios del primer semestre.<\/li>\n<\/ul>\n<p>&nbsp;<\/p>\n<ul class=\"prog_act\">\n<li style=\"text-decoration: none;\" align=\"justify\"><b class=\"titulares\">DURACI\u00d3N DEL SEMESTRE.<\/b><br \/>\nPara fines de graduaci\u00f3n, se considera que la duraci\u00f3n de un semestre abarca desde su inicio hasta el d\u00eda previo al inicio del siguiente semestre.<\/li>\n<\/ul>\n<p>&nbsp;<\/p>\n<ul class=\"prog_act\">\n<li style=\"text-decoration: none;\" align=\"justify\"><b class=\"titulares\">ENTREGA DE INFORMACI\u00d3N POR PARTE DE TUTORES.<\/b><br \/>\nLos tutores deber\u00e1n entregar a la Coordinaci\u00f3n o al SACC correspondiente, la informaci\u00f3n que se les solicite en los plazos y forma requerida. De no entregar \u00e9sta, no se les permitir\u00e1 dirigir nuevas tesis dentro del Programa, hasta que les sea solicitada nuevamente informaci\u00f3n y la entreguen en tiempo y forma.<\/li>\n<\/ul>\n<p>&nbsp;<\/p>\n<ul class=\"prog_act\">\n<li style=\"text-decoration: none;\" align=\"justify\"><b class=\"titulares\">ENTREGA DE TESIS A JURADO.<\/b><br \/>\nJunto con la tesis, el estudiante entregar\u00e1 a los integrantes del jurado una carta que, en caso de aceptar ser sinodales, firmar\u00e1n comprometi\u00e9ndose a cumplir con los plazos establecidos para la revisi\u00f3n de la tesis y la entrega de los Votos Aprobatorios.<br \/>\nLos miembros del jurado de examen tendr\u00e1n como m\u00e1ximo 20 d\u00edas h\u00e1biles para dar al estudiante por escrito sus comentarios y observaciones sobre la tesis, el cual deber\u00e1 hacer las modificaciones correspondientes en un plazo similar. Una vez realizadas, el alumno entregar\u00e1 nuevamente la tesis a los sinodales, quienes deber\u00e1n emitir su Voto, ya sea positivo o negativo, en un plazo no mayor a 10 d\u00edas h\u00e1biles.<\/li>\n<\/ul>\n<p>&nbsp;<\/p>\n<ul class=\"prog_act\">\n<li style=\"text-decoration: none;\" align=\"justify\"><b class=\"titulares\">TUTORIA PRINCIPAL DE NUEVOS ALUMNOS.<\/b><br \/>\nA ning\u00fan tutor se le autorizar\u00e1 ser tutor principal de un nuevo alumno, si en el momento de hacer la solicitud tiene tres alumnos o m\u00e1s con un retraso en su titulaci\u00f3n igual o mayor a un semestre para alumnos de maestr\u00eda y de un a\u00f1o para doctorado, a menos que justifique plenamente los motivos del retraso ante el CA.<\/li>\n<\/ul>\n<p>&nbsp;<\/p>\n","protected":false},"excerpt":{"rendered":"<p>Acuerdos del Comit\u00e9 Acad\u00e9mico R\u00fabricas de recomendaciones a jurados para el otorgamiento de Menci\u00f3n Honor\u00edfica El Comit\u00e9 Acad\u00e9mico acord\u00f3 que para mantener el otorgamiento de la Menci\u00f3n Honor\u00edfica como una distinci\u00f3n especial a estudiantes sobresalientes con una fehaciente trayectoria acad\u00e9mica destacada, se recomiende a los jurados de ex\u00e1menes de grado completar la r\u00fabrica de otorgamiento [&hellip;]<\/p>\n","protected":false},"author":1,"featured_media":0,"parent":0,"menu_order":0,"comment_status":"closed","ping_status":"closed","template":"","meta":{"footnotes":""},"class_list":["post-98","page","type-page","status-publish","hentry","wpautop"],"yoast_head":"<!-- This site is optimized with the Yoast SEO plugin v24.3 - https:\/\/yoast.com\/wordpress\/plugins\/seo\/ -->\n<title>Acuerdos - Programa de Maestr\u00eda y Doctorado en Ingenier\u00eda<\/title>\n<meta name=\"robots\" content=\"noindex, follow, max-snippet:-1, max-image-preview:large, max-video-preview:-1\" \/>\n<meta property=\"og:locale\" content=\"es_MX\" \/>\n<meta property=\"og:type\" content=\"article\" \/>\n<meta property=\"og:title\" content=\"Acuerdos - Programa de Maestr\u00eda y Doctorado en Ingenier\u00eda\" \/>\n<meta property=\"og:description\" content=\"Acuerdos del Comit\u00e9 Acad\u00e9mico R\u00fabricas de recomendaciones a jurados para el otorgamiento de Menci\u00f3n Honor\u00edfica El Comit\u00e9 Acad\u00e9mico acord\u00f3 que para mantener el otorgamiento de la Menci\u00f3n Honor\u00edfica como una distinci\u00f3n especial a estudiantes sobresalientes con una fehaciente trayectoria acad\u00e9mica destacada, se recomiende a los jurados de ex\u00e1menes de grado completar la r\u00fabrica de otorgamiento [&hellip;]\" \/>\n<meta property=\"og:url\" content=\"https:\/\/posgrado.unam.mx\/ingenieria\/acuerdos\/\" \/>\n<meta property=\"og:site_name\" content=\"Programa de Maestr\u00eda y Doctorado en Ingenier\u00eda\" \/>\n<meta property=\"article:modified_time\" content=\"2025-05-12T18:11:43+00:00\" \/>\n<meta name=\"twitter:card\" content=\"summary_large_image\" \/>\n<meta name=\"twitter:label1\" content=\"Tiempo de lectura\" \/>\n\t<meta name=\"twitter:data1\" content=\"7 minutos\" \/>\n<script type=\"application\/ld+json\" class=\"yoast-schema-graph\">{\"@context\":\"https:\/\/schema.org\",\"@graph\":[{\"@type\":\"WebPage\",\"@id\":\"https:\/\/posgrado.unam.mx\/ingenieria\/acuerdos\/\",\"url\":\"https:\/\/posgrado.unam.mx\/ingenieria\/acuerdos\/\",\"name\":\"Acuerdos - Programa de Maestr\u00eda y Doctorado en Ingenier\u00eda\",\"isPartOf\":{\"@id\":\"https:\/\/posgrado.unam.mx\/ingenieria\/#website\"},\"datePublished\":\"2017-07-28T17:15:10+00:00\",\"dateModified\":\"2025-05-12T18:11:43+00:00\",\"breadcrumb\":{\"@id\":\"https:\/\/posgrado.unam.mx\/ingenieria\/acuerdos\/#breadcrumb\"},\"inLanguage\":\"es\",\"potentialAction\":[{\"@type\":\"ReadAction\",\"target\":[\"https:\/\/posgrado.unam.mx\/ingenieria\/acuerdos\/\"]}]},{\"@type\":\"BreadcrumbList\",\"@id\":\"https:\/\/posgrado.unam.mx\/ingenieria\/acuerdos\/#breadcrumb\",\"itemListElement\":[{\"@type\":\"ListItem\",\"position\":1,\"name\":\"Home\",\"item\":\"https:\/\/posgrado.unam.mx\/ingenieria\/\"},{\"@type\":\"ListItem\",\"position\":2,\"name\":\"Acuerdos\"}]},{\"@type\":\"WebSite\",\"@id\":\"https:\/\/posgrado.unam.mx\/ingenieria\/#website\",\"url\":\"https:\/\/posgrado.unam.mx\/ingenieria\/\",\"name\":\"Programa de Maestr\u00eda y Doctorado en Ingenier\u00eda\",\"description\":\"(English) ss\",\"potentialAction\":[{\"@type\":\"SearchAction\",\"target\":{\"@type\":\"EntryPoint\",\"urlTemplate\":\"https:\/\/posgrado.unam.mx\/ingenieria\/?s={search_term_string}\"},\"query-input\":{\"@type\":\"PropertyValueSpecification\",\"valueRequired\":true,\"valueName\":\"search_term_string\"}}],\"inLanguage\":\"es\"}]}<\/script>\n<!-- \/ Yoast SEO plugin. -->","yoast_head_json":{"title":"Acuerdos - Programa de Maestr\u00eda y Doctorado en Ingenier\u00eda","robots":{"index":"noindex","follow":"follow","max-snippet":"max-snippet:-1","max-image-preview":"max-image-preview:large","max-video-preview":"max-video-preview:-1"},"og_locale":"es_MX","og_type":"article","og_title":"Acuerdos - Programa de Maestr\u00eda y Doctorado en Ingenier\u00eda","og_description":"Acuerdos del Comit\u00e9 Acad\u00e9mico R\u00fabricas de recomendaciones a jurados para el otorgamiento de Menci\u00f3n Honor\u00edfica El Comit\u00e9 Acad\u00e9mico acord\u00f3 que para mantener el otorgamiento de la Menci\u00f3n Honor\u00edfica como una distinci\u00f3n especial a estudiantes sobresalientes con una fehaciente trayectoria acad\u00e9mica destacada, se recomiende a los jurados de ex\u00e1menes de grado completar la r\u00fabrica de otorgamiento [&hellip;]","og_url":"https:\/\/posgrado.unam.mx\/ingenieria\/acuerdos\/","og_site_name":"Programa de Maestr\u00eda y Doctorado en Ingenier\u00eda","article_modified_time":"2025-05-12T18:11:43+00:00","twitter_card":"summary_large_image","twitter_misc":{"Tiempo de lectura":"7 minutos"},"schema":{"@context":"https:\/\/schema.org","@graph":[{"@type":"WebPage","@id":"https:\/\/posgrado.unam.mx\/ingenieria\/acuerdos\/","url":"https:\/\/posgrado.unam.mx\/ingenieria\/acuerdos\/","name":"Acuerdos - Programa de Maestr\u00eda y Doctorado en Ingenier\u00eda","isPartOf":{"@id":"https:\/\/posgrado.unam.mx\/ingenieria\/#website"},"datePublished":"2017-07-28T17:15:10+00:00","dateModified":"2025-05-12T18:11:43+00:00","breadcrumb":{"@id":"https:\/\/posgrado.unam.mx\/ingenieria\/acuerdos\/#breadcrumb"},"inLanguage":"es","potentialAction":[{"@type":"ReadAction","target":["https:\/\/posgrado.unam.mx\/ingenieria\/acuerdos\/"]}]},{"@type":"BreadcrumbList","@id":"https:\/\/posgrado.unam.mx\/ingenieria\/acuerdos\/#breadcrumb","itemListElement":[{"@type":"ListItem","position":1,"name":"Home","item":"https:\/\/posgrado.unam.mx\/ingenieria\/"},{"@type":"ListItem","position":2,"name":"Acuerdos"}]},{"@type":"WebSite","@id":"https:\/\/posgrado.unam.mx\/ingenieria\/#website","url":"https:\/\/posgrado.unam.mx\/ingenieria\/","name":"Programa de Maestr\u00eda y Doctorado en Ingenier\u00eda","description":"(English) ss","potentialAction":[{"@type":"SearchAction","target":{"@type":"EntryPoint","urlTemplate":"https:\/\/posgrado.unam.mx\/ingenieria\/?s={search_term_string}"},"query-input":{"@type":"PropertyValueSpecification","valueRequired":true,"valueName":"search_term_string"}}],"inLanguage":"es"}]}},"_links":{"self":[{"href":"https:\/\/posgrado.unam.mx\/ingenieria\/wp-json\/wp\/v2\/pages\/98","targetHints":{"allow":["GET"]}}],"collection":[{"href":"https:\/\/posgrado.unam.mx\/ingenieria\/wp-json\/wp\/v2\/pages"}],"about":[{"href":"https:\/\/posgrado.unam.mx\/ingenieria\/wp-json\/wp\/v2\/types\/page"}],"author":[{"embeddable":true,"href":"https:\/\/posgrado.unam.mx\/ingenieria\/wp-json\/wp\/v2\/users\/1"}],"replies":[{"embeddable":true,"href":"https:\/\/posgrado.unam.mx\/ingenieria\/wp-json\/wp\/v2\/comments?post=98"}],"version-history":[{"count":27,"href":"https:\/\/posgrado.unam.mx\/ingenieria\/wp-json\/wp\/v2\/pages\/98\/revisions"}],"predecessor-version":[{"id":3760,"href":"https:\/\/posgrado.unam.mx\/ingenieria\/wp-json\/wp\/v2\/pages\/98\/revisions\/3760"}],"wp:attachment":[{"href":"https:\/\/posgrado.unam.mx\/ingenieria\/wp-json\/wp\/v2\/media?parent=98"}],"curies":[{"name":"wp","href":"https:\/\/api.w.org\/{rel}","templated":true}]}}