{"id":131,"date":"2017-07-28T13:18:57","date_gmt":"2017-07-28T19:18:57","guid":{"rendered":"http:\/\/pmdi.dspbit.com\/?page_id=131"},"modified":"2023-05-31T15:53:16","modified_gmt":"2023-05-31T20:53:16","slug":"plan-de-estudios-maestria","status":"publish","type":"page","link":"https:\/\/posgrado.unam.mx\/ingenieria\/plan-de-estudios-maestria\/","title":{"rendered":"Plan de Estudios &#8211; Maestr\u00eda"},"content":{"rendered":"\r\n<h1>Plan de Estudios &#8211; Maestr\u00eda<\/h1>\r\n<div id=\"accordion1\" class=\"panel-group\" role=\"tablist\" aria-multiselectable=\"true\">\r\n<div class=\"panel panel-default\">\r\n<div id=\"heading1\" class=\"panel-heading\" role=\"tab\" data-toggle=\"collapse\" data-target=\"#collapse1\">\r\n<h4 class=\"panel-title\">Plan de estudios de maestr\u00eda<\/h4>\r\n<\/div>\r\n<div id=\"collapse1\" class=\"panel-collapse collapse in\" role=\"tabpanel\" aria-labelledby=\"heading1\">\r\n<div class=\"panel-body\"><embed class=\"pdf\" src=\"https:\/\/posgrado.unam.mx\/ingenieria\/wp-content\/uploads\/2017\/07\/plan_de_estudios_maestr\u00eda.pdf\" width=\"100%\" height=\"100%\"><\/embed><\/div>\r\n<\/div>\r\n<\/div>\r\n<div class=\"panel panel-default\">\r\n<div id=\"heading2\" class=\"panel-heading\" role=\"tab\" data-toggle=\"collapse\" data-target=\"#collapse2\">\r\n<h4 class=\"panel-title\">Mapa Curricular<\/h4>\r\n<\/div>\r\n<div id=\"collapse2\" class=\"panel-collapse collapse\" role=\"tabpanel\" aria-labelledby=\"heading2\">\r\n<div class=\"panel-body\"><embed class=\"pdf\" src=\"https:\/\/posgrado.unam.mx\/ingenieria\/wp-content\/uploads\/2017\/07\/mapa-curricular-maestr\u00eda.pdf\" width=\"100%\" height=\"100%\"><\/embed><\/div>\r\n<\/div>\r\n<\/div>\r\n<div class=\"panel panel-default\">\r\n<div id=\"heading3\" class=\"panel-heading\" role=\"tab\" data-toggle=\"collapse\" data-target=\"#collapse3\">\r\n<h4 class=\"panel-title\">Informaci\u00f3n Adicional y Requisitos<\/h4>\r\n<\/div>\r\n<div id=\"collapse3\" class=\"panel-collapse collapse\" role=\"tabpanel\" aria-labelledby=\"heading3\">\r\n<div class=\"panel-body\"><embed class=\"pdf\" src=\"https:\/\/posgrado.unam.mx\/ingenieria\/wp-content\/uploads\/2017\/07\/\/Informaci\u00f3n-y-requisitos-maestria.pdf\" width=\"100%\" height=\"100%\"><\/embed><\/div>\r\n<\/div>\r\n<\/div>\r\n<\/div>\r\n<h3>Programas de las Actividades Acad\u00e9micas<\/h3>\r\n<ul>\r\n \t<li><a style=\"text-decoration: none;\" href=\"https:\/\/posgrado.unam.mx\/ingenieria\/grupo-de-matematicas-para-todos-los-campos-de-conocimiento\/\">Grupo de Matem\u00e1ticas<\/a> para todos los Campos de Conocimiento<\/li>\r\n \t<li><a style=\"text-decoration: none;\" href=\"https:\/\/posgrado.unam.mx\/ingenieria\/actividades-academicas-para-todos-los-campos-de-conocimiento\/\">Actividades Acad\u00e9micas<\/a> para todos los Campos de Conocimiento<\/li>\r\n \t<li>Campo de Conocimiento Ingenier\u00eda <a style=\"text-decoration: none;\" href=\"https:\/\/posgrado.unam.mx\/ingenieria\/campo-de-conocimiento-ingenieria-ambiental\/\">Ambiental<\/a><\/li>\r\n \t<li>Campo de Conocimiento Ingenier\u00eda <a style=\"text-decoration: none;\" href=\"https:\/\/posgrado.unam.mx\/ingenieria\/campo-de-conocimiento-ingenieria-civil\">Civil<\/a><\/li>\r\n \t<li>Campo de Conocimiento Ingenier\u00eda <a style=\"text-decoration: none;\" href=\"https:\/\/posgrado.unam.mx\/ingenieria\/campo-de-conocimiento-ingenieria-electrica\/\">El\u00e9ctrica<\/a><\/li>\r\n \t<li>Campo de Conocimiento Ingenier\u00eda en <a style=\"text-decoration: none;\" href=\"https:\/\/posgrado.unam.mx\/ingenieria\/campo-de-conocimiento-ingenieria-en-energia\">Energ\u00eda<\/a><\/li>\r\n \t<li>Campo de Conocimiento Ingenier\u00eda <a style=\"text-decoration: none;\" href=\"https:\/\/posgrado.unam.mx\/ingenieria\/campo-de-conocimiento-ingenieria-mecanica\">Mec\u00e1nica<\/a><\/li>\r\n \t<li>Campo de Conocimiento Ingenier\u00eda <a style=\"text-decoration: none;\" href=\"https:\/\/posgrado.unam.mx\/ingenieria\/campo-de-conocimiento-ingenieria-en-exploracion-y-explotacion-en-recursos-naturales\">en Exploraci\u00f3n y Explotaci\u00f3n en Recursos Naturales\r\n<\/a><\/li>\r\n \t<li>Campo de Conocimiento Ingenier\u00eda <a style=\"text-decoration: none;\" href=\"https:\/\/posgrado.unam.mx\/ingenieria\/campo-de-conocimiento-ingenieria-quimica\">Qu\u00edmica<\/a><\/li>\r\n \t<li>Campo de Conocimiento Ingenier\u00eda de <a style=\"text-decoration: none;\" href=\"https:\/\/posgrado.unam.mx\/ingenieria\/campo-de-conocimiento-ingenieria-de-sistemas\">Sistemas<\/a><\/li>\r\n<\/ul>\r\n","protected":false},"excerpt":{"rendered":"Plan de Estudios &#8211; Maestr\u00eda Plan de estudios de maestr\u00eda Mapa Curricular Informaci\u00f3n Adicional y Requisitos Programas de las Actividades Acad\u00e9micas Grupo de Matem\u00e1ticas para todos los Campos de Conocimiento Actividades Acad\u00e9micas para todos los Campos de Conocimiento Campo de Conocimiento Ingenier\u00eda Ambiental Campo de Conocimiento Ingenier\u00eda Civil Campo de Conocimiento Ingenier\u00eda El\u00e9ctrica Campo de [&hellip;]","protected":false},"author":1,"featured_media":0,"parent":0,"menu_order":0,"comment_status":"closed","ping_status":"closed","template":"tmpl-tramites.php","meta":{"footnotes":""},"class_list":["post-131","page","type-page","status-publish","hentry","no-wpautop"],"yoast_head":"<!-- This site is optimized with the Yoast SEO plugin v24.3 - https:\/\/yoast.com\/wordpress\/plugins\/seo\/ -->\n<title>Plan de Estudios - Maestr\u00eda - Programa de Maestr\u00eda y Doctorado en Ingenier\u00eda<\/title>\n<meta name=\"robots\" content=\"noindex, follow, max-snippet:-1, max-image-preview:large, max-video-preview:-1\" \/>\n<meta property=\"og:locale\" content=\"es_MX\" \/>\n<meta property=\"og:type\" content=\"article\" \/>\n<meta property=\"og:title\" content=\"Plan de Estudios - Maestr\u00eda - Programa de Maestr\u00eda y Doctorado en Ingenier\u00eda\" \/>\n<meta property=\"og:description\" content=\"Plan de Estudios &#8211; Maestr\u00eda Plan de estudios de maestr\u00eda Mapa Curricular Informaci\u00f3n Adicional y Requisitos Programas de las Actividades Acad\u00e9micas Grupo de Matem\u00e1ticas para todos los Campos de Conocimiento Actividades Acad\u00e9micas para todos los Campos de Conocimiento Campo de Conocimiento Ingenier\u00eda Ambiental Campo de Conocimiento Ingenier\u00eda Civil Campo de Conocimiento Ingenier\u00eda El\u00e9ctrica Campo de [&hellip;]\" \/>\n<meta property=\"og:url\" content=\"https:\/\/posgrado.unam.mx\/ingenieria\/plan-de-estudios-maestria\/\" \/>\n<meta property=\"og:site_name\" content=\"Programa de Maestr\u00eda y Doctorado en Ingenier\u00eda\" \/>\n<meta property=\"article:modified_time\" content=\"2023-05-31T20:53:16+00:00\" \/>\n<meta name=\"twitter:card\" content=\"summary_large_image\" \/>\n<meta name=\"twitter:label1\" content=\"Tiempo de lectura\" \/>\n\t<meta name=\"twitter:data1\" content=\"1 minuto\" \/>\n<script type=\"application\/ld+json\" class=\"yoast-schema-graph\">{\"@context\":\"https:\/\/schema.org\",\"@graph\":[{\"@type\":\"WebPage\",\"@id\":\"https:\/\/posgrado.unam.mx\/ingenieria\/plan-de-estudios-maestria\/\",\"url\":\"https:\/\/posgrado.unam.mx\/ingenieria\/plan-de-estudios-maestria\/\",\"name\":\"Plan de Estudios - Maestr\u00eda - Programa de Maestr\u00eda y Doctorado en Ingenier\u00eda\",\"isPartOf\":{\"@id\":\"https:\/\/posgrado.unam.mx\/ingenieria\/#website\"},\"datePublished\":\"2017-07-28T19:18:57+00:00\",\"dateModified\":\"2023-05-31T20:53:16+00:00\",\"breadcrumb\":{\"@id\":\"https:\/\/posgrado.unam.mx\/ingenieria\/plan-de-estudios-maestria\/#breadcrumb\"},\"inLanguage\":\"es\",\"potentialAction\":[{\"@type\":\"ReadAction\",\"target\":[\"https:\/\/posgrado.unam.mx\/ingenieria\/plan-de-estudios-maestria\/\"]}]},{\"@type\":\"BreadcrumbList\",\"@id\":\"https:\/\/posgrado.unam.mx\/ingenieria\/plan-de-estudios-maestria\/#breadcrumb\",\"itemListElement\":[{\"@type\":\"ListItem\",\"position\":1,\"name\":\"Home\",\"item\":\"https:\/\/posgrado.unam.mx\/ingenieria\/\"},{\"@type\":\"ListItem\",\"position\":2,\"name\":\"Plan de Estudios &#8211; Maestr\u00eda\"}]},{\"@type\":\"WebSite\",\"@id\":\"https:\/\/posgrado.unam.mx\/ingenieria\/#website\",\"url\":\"https:\/\/posgrado.unam.mx\/ingenieria\/\",\"name\":\"Programa de Maestr\u00eda y Doctorado en Ingenier\u00eda\",\"description\":\"(English) ss\",\"potentialAction\":[{\"@type\":\"SearchAction\",\"target\":{\"@type\":\"EntryPoint\",\"urlTemplate\":\"https:\/\/posgrado.unam.mx\/ingenieria\/?s={search_term_string}\"},\"query-input\":{\"@type\":\"PropertyValueSpecification\",\"valueRequired\":true,\"valueName\":\"search_term_string\"}}],\"inLanguage\":\"es\"}]}<\/script>\n<!-- \/ Yoast SEO plugin. -->","yoast_head_json":{"title":"Plan de Estudios - Maestr\u00eda - Programa de Maestr\u00eda y Doctorado en Ingenier\u00eda","robots":{"index":"noindex","follow":"follow","max-snippet":"max-snippet:-1","max-image-preview":"max-image-preview:large","max-video-preview":"max-video-preview:-1"},"og_locale":"es_MX","og_type":"article","og_title":"Plan de Estudios - Maestr\u00eda - Programa de Maestr\u00eda y Doctorado en Ingenier\u00eda","og_description":"Plan de Estudios &#8211; Maestr\u00eda Plan de estudios de maestr\u00eda Mapa Curricular Informaci\u00f3n Adicional y Requisitos Programas de las Actividades Acad\u00e9micas Grupo de Matem\u00e1ticas para todos los Campos de Conocimiento Actividades Acad\u00e9micas para todos los Campos de Conocimiento Campo de Conocimiento Ingenier\u00eda Ambiental Campo de Conocimiento Ingenier\u00eda Civil Campo de Conocimiento Ingenier\u00eda El\u00e9ctrica Campo de [&hellip;]","og_url":"https:\/\/posgrado.unam.mx\/ingenieria\/plan-de-estudios-maestria\/","og_site_name":"Programa de Maestr\u00eda y Doctorado en Ingenier\u00eda","article_modified_time":"2023-05-31T20:53:16+00:00","twitter_card":"summary_large_image","twitter_misc":{"Tiempo de lectura":"1 minuto"},"schema":{"@context":"https:\/\/schema.org","@graph":[{"@type":"WebPage","@id":"https:\/\/posgrado.unam.mx\/ingenieria\/plan-de-estudios-maestria\/","url":"https:\/\/posgrado.unam.mx\/ingenieria\/plan-de-estudios-maestria\/","name":"Plan de Estudios - Maestr\u00eda - Programa de Maestr\u00eda y Doctorado en Ingenier\u00eda","isPartOf":{"@id":"https:\/\/posgrado.unam.mx\/ingenieria\/#website"},"datePublished":"2017-07-28T19:18:57+00:00","dateModified":"2023-05-31T20:53:16+00:00","breadcrumb":{"@id":"https:\/\/posgrado.unam.mx\/ingenieria\/plan-de-estudios-maestria\/#breadcrumb"},"inLanguage":"es","potentialAction":[{"@type":"ReadAction","target":["https:\/\/posgrado.unam.mx\/ingenieria\/plan-de-estudios-maestria\/"]}]},{"@type":"BreadcrumbList","@id":"https:\/\/posgrado.unam.mx\/ingenieria\/plan-de-estudios-maestria\/#breadcrumb","itemListElement":[{"@type":"ListItem","position":1,"name":"Home","item":"https:\/\/posgrado.unam.mx\/ingenieria\/"},{"@type":"ListItem","position":2,"name":"Plan de Estudios &#8211; Maestr\u00eda"}]},{"@type":"WebSite","@id":"https:\/\/posgrado.unam.mx\/ingenieria\/#website","url":"https:\/\/posgrado.unam.mx\/ingenieria\/","name":"Programa de Maestr\u00eda y Doctorado en Ingenier\u00eda","description":"(English) ss","potentialAction":[{"@type":"SearchAction","target":{"@type":"EntryPoint","urlTemplate":"https:\/\/posgrado.unam.mx\/ingenieria\/?s={search_term_string}"},"query-input":{"@type":"PropertyValueSpecification","valueRequired":true,"valueName":"search_term_string"}}],"inLanguage":"es"}]}},"_links":{"self":[{"href":"https:\/\/posgrado.unam.mx\/ingenieria\/wp-json\/wp\/v2\/pages\/131","targetHints":{"allow":["GET"]}}],"collection":[{"href":"https:\/\/posgrado.unam.mx\/ingenieria\/wp-json\/wp\/v2\/pages"}],"about":[{"href":"https:\/\/posgrado.unam.mx\/ingenieria\/wp-json\/wp\/v2\/types\/page"}],"author":[{"embeddable":true,"href":"https:\/\/posgrado.unam.mx\/ingenieria\/wp-json\/wp\/v2\/users\/1"}],"replies":[{"embeddable":true,"href":"https:\/\/posgrado.unam.mx\/ingenieria\/wp-json\/wp\/v2\/comments?post=131"}],"version-history":[{"count":28,"href":"https:\/\/posgrado.unam.mx\/ingenieria\/wp-json\/wp\/v2\/pages\/131\/revisions"}],"predecessor-version":[{"id":3003,"href":"https:\/\/posgrado.unam.mx\/ingenieria\/wp-json\/wp\/v2\/pages\/131\/revisions\/3003"}],"wp:attachment":[{"href":"https:\/\/posgrado.unam.mx\/ingenieria\/wp-json\/wp\/v2\/media?parent=131"}],"curies":[{"name":"wp","href":"https:\/\/api.w.org\/{rel}","templated":true}]}}