{"id":260,"date":"2017-07-28T16:50:15","date_gmt":"2017-07-28T22:50:15","guid":{"rendered":"http:\/\/pmdi.dspbit.com\/?page_id=260"},"modified":"2026-03-03T12:28:48","modified_gmt":"2026-03-03T18:28:48","slug":"tramites-doc","status":"publish","type":"page","link":"https:\/\/posgrado.unam.mx\/ingenieria\/en\/tramites-doc\/","title":{"rendered":"Tr\u00e1mites &#8211; Doctorado"},"content":{"rendered":"<p><\/p>\n<h1>Tr\u00e1mites &#8211; Doctorado<\/h1>\n<ul id=\"menu-tramitesdoctorado1_1-1\" class=\"pmdi-tramites-central-navigation\"><li class=\"menu-item menu-item-type-custom menu-item-object-custom menu-item-1170\"><a target=\"_blank\" href=\"http:\/\/ingenieria.posgrado.unam.mx\/sitv3\/alu04-01.html\">Procedimiento de Ingreso al Doctorado<\/a><\/li>\n<li class=\"menu-item menu-item-type-custom menu-item-object-custom menu-item-1171\"><a target=\"_blank\" href=\"http:\/\/ingenieria.posgrado.unam.mx\/sitv3\/alu10-4.html\">Procedimiento para la Obtenci\u00f3n del Grado de Doctor<\/a><\/li>\n<\/ul>\n<h3>Tr\u00e1mites<\/h3>\n<p><strong>INSTRUCCIONES<\/strong><\/p>\n<p>\u2022 Se puede consultar el procedimiento de cada tr\u00e1mite dando clic sobre el mismo. Si es la primera vez que hagas un tr\u00e1mite en el programa de doctorado en ingenier\u00eda, solicita la clave (NIP) requerida a siscpi@posgrado.unam.mx<\/p>\n<p style=\"background-color: yellow;\">\u2022 Los tr\u00e1mites se generan mediante el llenado del formato por el sistema<br \/>\n   de la p\u00e1gina. Con el bot\u00f3n &#8220;ACEPTAR&#8221; se genera un pdf.  *No se aceptan<br \/>\n   tr\u00e1mites editados, alterados, ni escritos a mano, se debe respetar el<br \/>\n   llenado por el sistema*. Para dudas dirigirse con la Sra. Margarita<br \/>\n   Zavala a mzc@posgrado.unam.mx<\/p>\n<p>\n\u2022 Cada tr\u00e1mite se entrega al SACC correspondiente, con la firma del estudiante y de su tutor.<\/p>\n<p>\u2022 Es posible que debas utilizar navegaci\u00f3n privada\/inc\u00f3ginta en tu navegador para poder generar los formatos<\/p>\n<p>\u2022 Para consultar el estatus de tu tr\u00e1mite, ve a \u201cConsulta de tr\u00e1mites\u201d, que se encuentra en la parte inferior de esta secci\u00f3n y coloca el n\u00famero de referencia correspondiente.<\/p>\n<p>\u2022 En caso de tener problemas al generar el formato, olvidaste tu clave o no cuentas con ella, manda un correo a: siscpi@posgrado.unam.mx, o comun\u00edcate al 55-56-23-02-22 ext. 80057 y 55-56-23-70-14 (temporal).<\/p>\n<p><!--\n\n\n<p>\n<img decoding=\"async\" src=\"https:\/\/posgrado.unam.mx\/ingenieria\/wp-content\/uploads\/2025\/04\/aviso-tram2.jpg\" alt=\"aviso\" width=\"\" height=\"\" \/>\n<\/p>\n\n\nEn caso de tener problemas al generar el formato, olvidaste tu clave o no cuentas con ella, manda un correo a:\n<a href=\"mailto:siscpi@posgrado.unam.mx\">siscpi@posgrado.unam.mx<\/a>, o comun\u00edcate al 55-56230222 ext. 80057 y 55 56237014\n<span>\n<strong>\nES POSIBLE QUE DEBAS UTILIZAR NAVEGACI\u00d3N PRIVADA\/INC\u00d3GINTA EN TU NAVEGADOR PARA PODER GENERAR LOS FORMATOS\n<\/strong>\n<\/span>\n--><br \/>\n<ul id=\"menu-tramitesdoctorado2_1-1\" class=\"pmdi-tramites-central-navigation\"><li class=\"menu-item menu-item-type-custom menu-item-object-custom menu-item-1161\"><a target=\"_blank\" href=\"http:\/\/ingenieria.posgrado.unam.mx\/sitv3\/alu04-f17-n.html\">Cambio del tutor principal de doctorado<\/a><\/li>\n<li class=\"menu-item menu-item-type-custom menu-item-object-custom menu-item-1160\"><a target=\"_blank\" href=\"http:\/\/ingenieria.posgrado.unam.mx\/sitv3\/alu04-f15.html\">Cambio de t\u00edtulo de tesis para alumnos de doctorado<\/a><\/li>\n<li class=\"menu-item menu-item-type-custom menu-item-object-custom menu-item-1159\"><a target=\"_blank\" href=\"http:\/\/ingenieria.posgrado.unam.mx\/sitv3\/alu04-f09-n.html\">Cambio integrantes del comit\u00e9 tutoral de doctorado<\/a><\/li>\n<li class=\"menu-item menu-item-type-custom menu-item-object-custom menu-item-3214\"><a href=\"http:\/\/ingenieria.posgrado.unam.mx\/sitv3\/alu04-f21.html\">Autorizaci\u00f3n para reinscripci\u00f3n en el doctorado<\/a><\/li>\n<li class=\"menu-item menu-item-type-custom menu-item-object-custom menu-item-1156\"><a target=\"_blank\" href=\"http:\/\/ingenieria.posgrado.unam.mx\/sitv3\/alu04-f04-n.html\">Integraci\u00f3n de jurado para examen de candidatura al grado de doctor<\/a><\/li>\n<li class=\"menu-item menu-item-type-custom menu-item-object-custom menu-item-2991\"><a href=\"http:\/\/solucionesmyl.com\/posgradoingenieriaunam\/formato\/\">Sistema de Registro de Participantes Acad\u00e9micos en el PMyDI<\/a><\/li>\n<li class=\"menu-item menu-item-type-custom menu-item-object-custom menu-item-1158\"><a target=\"_blank\" href=\"http:\/\/ingenieria.posgrado.unam.mx\/sitv3\/alu04-f07-n.html\">Cambio de integrantes de jurado para examen de candidatura  al grado de doctor<\/a><\/li>\n<li class=\"menu-item menu-item-type-custom menu-item-object-custom menu-item-1163\"><a target=\"_blank\" href=\"http:\/\/ingenieria.posgrado.unam.mx\/sitv3\/alu04-f22.html\">Autorizaci\u00f3n para presentar el examen de candidatura al grado de doctor<\/a><\/li>\n<li class=\"menu-item menu-item-type-custom menu-item-object-custom menu-item-1155\"><a target=\"_blank\" href=\"http:\/\/ingenieria.posgrado.unam.mx\/sitv3\/alu04-f03-n.html\">Integraci\u00f3n de jurado para examen de grado de doctor<\/a><\/li>\n<li class=\"menu-item menu-item-type-custom menu-item-object-custom menu-item-1157\"><a target=\"_blank\" href=\"http:\/\/ingenieria.posgrado.unam.mx\/sitv3\/alu04-f06-n.html\">Cambio de integrantes de jurado para examen de grado de doctor<\/a><\/li>\n<li class=\"menu-item menu-item-type-custom menu-item-object-custom menu-item-1162\"><a target=\"_blank\" href=\"http:\/\/ingenieria.posgrado.unam.mx\/sitv3\/alu04-f19.html\">Autorizaci\u00f3n para presentar examen de grado de doctor<\/a><\/li>\n<li class=\"menu-item menu-item-type-custom menu-item-object-custom menu-item-1166\"><a target=\"_blank\" href=\"http:\/\/ingenieria.posgrado.unam.mx\/sitv3\/alu04-f33a.html\">Registro de art\u00edculo o patente<\/a><\/li>\n<li class=\"menu-item menu-item-type-custom menu-item-object-custom menu-item-1164\"><a target=\"_blank\" href=\"http:\/\/ingenieria.posgrado.unam.mx\/sitv3\/alu04-f24.html\">Interrupci\u00f3n de los estudios de doctorado<\/a><\/li>\n<li class=\"menu-item menu-item-type-custom menu-item-object-custom menu-item-1165\"><a target=\"_blank\" href=\"http:\/\/ingenieria.posgrado.unam.mx\/sitv3\/alu04-f11.html\">Baja definitiva del doctorado<\/a><\/li>\n<li class=\"menu-item menu-item-type-custom menu-item-object-custom menu-item-1167\"><a target=\"_blank\" href=\"http:\/\/ingenieria.posgrado.unam.mx\/sitv3\/alu04-f34.html\">Formato libre<\/a><\/li>\n<\/ul><\/p>\n<p><!--\n&nbsp;\n<strong>IMPORTANTE:<\/strong>\n\n1) Todos los tr\u00e1mites que generes los deber\u00e1s imprimir y entregar a tu SACC correspondiente, para mayor informaci\u00f3n consulta el procedimiento de cada tr\u00e1mite dando clic sobre el mismo.\n\n2) En caso de tener problemas al generar el formato, olvidaste tu clave o no cuentas con ella, manda un correo a: <a href=\"mailto:siscpi@posgrado.unam.mx\">siscpi@posgrado.unam.mx<\/a>, o comun\u00edcate al 56230222 ext. 80057 y 56237014 (temporal).\n\n3) Para consultar el estatus de tu tr\u00e1mite, ve a \"Consulta de tr\u00e1mites\", que se encuentra en la parte inferior de esta secci\u00f3n y coloca el n\u00famero de referencia que aparece en \u00e9l.\n\n--><br \/>\n&nbsp;<\/p>\n<p><b>Oficina de Apoyo a los Programas de Posgrado (OAPP)<\/b><br \/>\n&#8220;Servicios Escolares&#8221; de la Facultad de Ingenier\u00eda, Planta Baja. Edificio &#8220;U&#8221; &#8211; &#8220;Bernardo Quintana Arrioja&#8221; &#8211; Facultad de Ingenier\u00eda.<\/p>\n<h3>Consulta de Tr\u00e1mites<\/h3>\n<p><!--<iframe loading=\"lazy\" src=\"\/frm\/cgi-bin\/consulta-n.cgi\" width=\"100%\" height=\"300\"><\/iframe>--><\/p>\n<p style=\"text-align: justify;\">Para consultar un tr\u00e1mite, da clic <a style=\"text-decoration: none;\" href=\"http:\/\/ingenieria.posgrado.unam.mx\/cgi-bin\/consulta-n.cgi\" target=\"_blank\" rel=\"noopener\"><u>aqu\u00ed<\/u><\/a>. <\/p>\n<p><\/p>","protected":false},"excerpt":{"rendered":"<p>Tr\u00e1mites &#8211; Doctorado Tr\u00e1mites INSTRUCCIONES \u2022 Se puede consultar el procedimiento de cada tr\u00e1mite dando clic sobre el mismo. Si es la primera vez que hagas un tr\u00e1mite en el programa de doctorado en ingenier\u00eda, solicita la clave (NIP) requerida a siscpi@posgrado.unam.mx \u2022 Los tr\u00e1mites se generan mediante el llenado del formato por el sistema [&hellip;]<\/p>\n","protected":false},"author":1,"featured_media":0,"parent":0,"menu_order":0,"comment_status":"closed","ping_status":"closed","template":"tmpl-tramites.php","meta":{"footnotes":""},"class_list":["post-260","page","type-page","status-publish","hentry","wpautop"],"yoast_head":"<!-- This site is optimized with the Yoast SEO plugin v24.3 - https:\/\/yoast.com\/wordpress\/plugins\/seo\/ -->\n<title>Tr\u00e1mites - Doctorado - Programa de Maestr\u00eda y Doctorado en Ingenier\u00eda<\/title>\n<meta name=\"robots\" content=\"noindex, follow, max-snippet:-1, max-image-preview:large, max-video-preview:-1\" \/>\n<meta property=\"og:locale\" content=\"en_US\" \/>\n<meta property=\"og:type\" content=\"article\" \/>\n<meta property=\"og:title\" content=\"Tr\u00e1mites - Doctorado - Programa de Maestr\u00eda y Doctorado en Ingenier\u00eda\" \/>\n<meta property=\"og:description\" content=\"Tr\u00e1mites &#8211; Doctorado Tr\u00e1mites INSTRUCCIONES \u2022 Se puede consultar el procedimiento de cada tr\u00e1mite dando clic sobre el mismo. Si es la primera vez que hagas un tr\u00e1mite en el programa de doctorado en ingenier\u00eda, solicita la clave (NIP) requerida a siscpi@posgrado.unam.mx \u2022 Los tr\u00e1mites se generan mediante el llenado del formato por el sistema [&hellip;]\" \/>\n<meta property=\"og:url\" content=\"https:\/\/posgrado.unam.mx\/ingenieria\/tramites-doc\/\" \/>\n<meta property=\"og:site_name\" content=\"Programa de Maestr\u00eda y Doctorado en Ingenier\u00eda\" \/>\n<meta property=\"article:modified_time\" content=\"2026-03-03T18:28:48+00:00\" \/>\n<meta property=\"og:image\" content=\"https:\/\/posgrado.unam.mx\/ingenieria\/wp-content\/uploads\/2025\/04\/aviso-tram2.jpg\" \/>\n<meta name=\"twitter:card\" content=\"summary_large_image\" \/>\n<meta name=\"twitter:label1\" content=\"Est. reading time\" \/>\n\t<meta name=\"twitter:data1\" content=\"2 minutes\" \/>\n<script type=\"application\/ld+json\" class=\"yoast-schema-graph\">{\"@context\":\"https:\/\/schema.org\",\"@graph\":[{\"@type\":\"WebPage\",\"@id\":\"https:\/\/posgrado.unam.mx\/ingenieria\/tramites-doc\/\",\"url\":\"https:\/\/posgrado.unam.mx\/ingenieria\/tramites-doc\/\",\"name\":\"Tr\u00e1mites - Doctorado - Programa de Maestr\u00eda y Doctorado en Ingenier\u00eda\",\"isPartOf\":{\"@id\":\"https:\/\/posgrado.unam.mx\/ingenieria\/#website\"},\"primaryImageOfPage\":{\"@id\":\"https:\/\/posgrado.unam.mx\/ingenieria\/tramites-doc\/#primaryimage\"},\"image\":{\"@id\":\"https:\/\/posgrado.unam.mx\/ingenieria\/tramites-doc\/#primaryimage\"},\"thumbnailUrl\":\"https:\/\/posgrado.unam.mx\/ingenieria\/wp-content\/uploads\/2025\/04\/aviso-tram2.jpg\",\"datePublished\":\"2017-07-28T22:50:15+00:00\",\"dateModified\":\"2026-03-03T18:28:48+00:00\",\"breadcrumb\":{\"@id\":\"https:\/\/posgrado.unam.mx\/ingenieria\/tramites-doc\/#breadcrumb\"},\"inLanguage\":\"en-US\",\"potentialAction\":[{\"@type\":\"ReadAction\",\"target\":[\"https:\/\/posgrado.unam.mx\/ingenieria\/tramites-doc\/\"]}]},{\"@type\":\"ImageObject\",\"inLanguage\":\"en-US\",\"@id\":\"https:\/\/posgrado.unam.mx\/ingenieria\/tramites-doc\/#primaryimage\",\"url\":\"https:\/\/posgrado.unam.mx\/ingenieria\/wp-content\/uploads\/2025\/04\/aviso-tram2.jpg\",\"contentUrl\":\"https:\/\/posgrado.unam.mx\/ingenieria\/wp-content\/uploads\/2025\/04\/aviso-tram2.jpg\"},{\"@type\":\"BreadcrumbList\",\"@id\":\"https:\/\/posgrado.unam.mx\/ingenieria\/tramites-doc\/#breadcrumb\",\"itemListElement\":[{\"@type\":\"ListItem\",\"position\":1,\"name\":\"Home\",\"item\":\"https:\/\/posgrado.unam.mx\/ingenieria\/\"},{\"@type\":\"ListItem\",\"position\":2,\"name\":\"Tr\u00e1mites &#8211; Doctorado\"}]},{\"@type\":\"WebSite\",\"@id\":\"https:\/\/posgrado.unam.mx\/ingenieria\/#website\",\"url\":\"https:\/\/posgrado.unam.mx\/ingenieria\/\",\"name\":\"Programa de Maestr\u00eda y Doctorado en Ingenier\u00eda\",\"description\":\"ss\",\"potentialAction\":[{\"@type\":\"SearchAction\",\"target\":{\"@type\":\"EntryPoint\",\"urlTemplate\":\"https:\/\/posgrado.unam.mx\/ingenieria\/?s={search_term_string}\"},\"query-input\":{\"@type\":\"PropertyValueSpecification\",\"valueRequired\":true,\"valueName\":\"search_term_string\"}}],\"inLanguage\":\"en-US\"}]}<\/script>\n<!-- \/ Yoast SEO plugin. -->","yoast_head_json":{"title":"Tr\u00e1mites - Doctorado - Programa de Maestr\u00eda y Doctorado en Ingenier\u00eda","robots":{"index":"noindex","follow":"follow","max-snippet":"max-snippet:-1","max-image-preview":"max-image-preview:large","max-video-preview":"max-video-preview:-1"},"og_locale":"en_US","og_type":"article","og_title":"Tr\u00e1mites - Doctorado - Programa de Maestr\u00eda y Doctorado en Ingenier\u00eda","og_description":"Tr\u00e1mites &#8211; Doctorado Tr\u00e1mites INSTRUCCIONES \u2022 Se puede consultar el procedimiento de cada tr\u00e1mite dando clic sobre el mismo. Si es la primera vez que hagas un tr\u00e1mite en el programa de doctorado en ingenier\u00eda, solicita la clave (NIP) requerida a siscpi@posgrado.unam.mx \u2022 Los tr\u00e1mites se generan mediante el llenado del formato por el sistema [&hellip;]","og_url":"https:\/\/posgrado.unam.mx\/ingenieria\/tramites-doc\/","og_site_name":"Programa de Maestr\u00eda y Doctorado en Ingenier\u00eda","article_modified_time":"2026-03-03T18:28:48+00:00","og_image":[{"url":"https:\/\/posgrado.unam.mx\/ingenieria\/wp-content\/uploads\/2025\/04\/aviso-tram2.jpg","type":"","width":"","height":""}],"twitter_card":"summary_large_image","twitter_misc":{"Est. reading time":"2 minutes"},"schema":{"@context":"https:\/\/schema.org","@graph":[{"@type":"WebPage","@id":"https:\/\/posgrado.unam.mx\/ingenieria\/tramites-doc\/","url":"https:\/\/posgrado.unam.mx\/ingenieria\/tramites-doc\/","name":"Tr\u00e1mites - Doctorado - Programa de Maestr\u00eda y Doctorado en Ingenier\u00eda","isPartOf":{"@id":"https:\/\/posgrado.unam.mx\/ingenieria\/#website"},"primaryImageOfPage":{"@id":"https:\/\/posgrado.unam.mx\/ingenieria\/tramites-doc\/#primaryimage"},"image":{"@id":"https:\/\/posgrado.unam.mx\/ingenieria\/tramites-doc\/#primaryimage"},"thumbnailUrl":"https:\/\/posgrado.unam.mx\/ingenieria\/wp-content\/uploads\/2025\/04\/aviso-tram2.jpg","datePublished":"2017-07-28T22:50:15+00:00","dateModified":"2026-03-03T18:28:48+00:00","breadcrumb":{"@id":"https:\/\/posgrado.unam.mx\/ingenieria\/tramites-doc\/#breadcrumb"},"inLanguage":"en-US","potentialAction":[{"@type":"ReadAction","target":["https:\/\/posgrado.unam.mx\/ingenieria\/tramites-doc\/"]}]},{"@type":"ImageObject","inLanguage":"en-US","@id":"https:\/\/posgrado.unam.mx\/ingenieria\/tramites-doc\/#primaryimage","url":"https:\/\/posgrado.unam.mx\/ingenieria\/wp-content\/uploads\/2025\/04\/aviso-tram2.jpg","contentUrl":"https:\/\/posgrado.unam.mx\/ingenieria\/wp-content\/uploads\/2025\/04\/aviso-tram2.jpg"},{"@type":"BreadcrumbList","@id":"https:\/\/posgrado.unam.mx\/ingenieria\/tramites-doc\/#breadcrumb","itemListElement":[{"@type":"ListItem","position":1,"name":"Home","item":"https:\/\/posgrado.unam.mx\/ingenieria\/"},{"@type":"ListItem","position":2,"name":"Tr\u00e1mites &#8211; Doctorado"}]},{"@type":"WebSite","@id":"https:\/\/posgrado.unam.mx\/ingenieria\/#website","url":"https:\/\/posgrado.unam.mx\/ingenieria\/","name":"Programa de Maestr\u00eda y Doctorado en Ingenier\u00eda","description":"ss","potentialAction":[{"@type":"SearchAction","target":{"@type":"EntryPoint","urlTemplate":"https:\/\/posgrado.unam.mx\/ingenieria\/?s={search_term_string}"},"query-input":{"@type":"PropertyValueSpecification","valueRequired":true,"valueName":"search_term_string"}}],"inLanguage":"en-US"}]}},"_links":{"self":[{"href":"https:\/\/posgrado.unam.mx\/ingenieria\/en\/wp-json\/wp\/v2\/pages\/260","targetHints":{"allow":["GET"]}}],"collection":[{"href":"https:\/\/posgrado.unam.mx\/ingenieria\/en\/wp-json\/wp\/v2\/pages"}],"about":[{"href":"https:\/\/posgrado.unam.mx\/ingenieria\/en\/wp-json\/wp\/v2\/types\/page"}],"author":[{"embeddable":true,"href":"https:\/\/posgrado.unam.mx\/ingenieria\/en\/wp-json\/wp\/v2\/users\/1"}],"replies":[{"embeddable":true,"href":"https:\/\/posgrado.unam.mx\/ingenieria\/en\/wp-json\/wp\/v2\/comments?post=260"}],"version-history":[{"count":45,"href":"https:\/\/posgrado.unam.mx\/ingenieria\/en\/wp-json\/wp\/v2\/pages\/260\/revisions"}],"predecessor-version":[{"id":4060,"href":"https:\/\/posgrado.unam.mx\/ingenieria\/en\/wp-json\/wp\/v2\/pages\/260\/revisions\/4060"}],"wp:attachment":[{"href":"https:\/\/posgrado.unam.mx\/ingenieria\/en\/wp-json\/wp\/v2\/media?parent=260"}],"curies":[{"name":"wp","href":"https:\/\/api.w.org\/{rel}","templated":true}]}}