{"id":241,"date":"2017-07-28T16:39:02","date_gmt":"2017-07-28T22:39:02","guid":{"rendered":"http:\/\/pmdi.dspbit.com\/?page_id=241"},"modified":"2026-03-03T12:27:08","modified_gmt":"2026-03-03T18:27:08","slug":"tramites-mae","status":"publish","type":"page","link":"https:\/\/posgrado.unam.mx\/ingenieria\/en\/tramites-mae\/","title":{"rendered":"Tr\u00e1mites &#8211; Maestr\u00eda"},"content":{"rendered":"<h1>Tr\u00e1mites &#8211; Maestr\u00eda<\/h1>\r\n<strong>INSTRUCCIONES<\/strong>\r\n<br><br>\r\n\u2022 Se puede consultar el procedimiento de cada tr\u00e1mite dando clic sobre el mismo. Si es la primera vez que hagas un tr\u00e1mite en el programa de maestr\u00eda en ingenier\u00eda, solicita la clave (NIP) requerida a siscpi@posgrado.unam.mx\r\n<br><br>\r\n<p style=\"background-color: yellow;\">\u2022 Los tr\u00e1mites se generan mediante el llenado del formato por el sistema\r\n   de la p\u00e1gina. Con el bot\u00f3n &#8220;ACEPTAR&#8221; se genera un pdf.  *No se aceptan\r\n   tr\u00e1mites editados, alterados, ni escritos a mano, se debe respetar el\r\n   llenado por el sistema*. Para dudas dirigirse con la Sra. Margarita\r\n   Zavala a mzc@posgrado.unam.mx<\/p>\r\n<br>\r\n\u2022 Cada tr\u00e1mite se entrega al SACC correspondiente, con la firma del estudiante y de su tutor.\r\n<br><br>\r\n\u2022 Es posible que debas utilizar navegaci\u00f3n privada\/inc\u00f3ginta en tu navegador para poder generar los formatos\r\n<br><br>\r\n\u2022 Para consultar el estatus de tu tr\u00e1mite, ve a \u201cConsulta de tr\u00e1mites\u201d, que se encuentra en la parte inferior de esta secci\u00f3n y coloca el n\u00famero de referencia correspondiente.\r\n<br><br>\r\n\u2022 En caso de tener problemas al generar el formato, olvidaste tu clave o no cuentas con ella, manda un correo a: siscpi@posgrado.unam.mx, o comun\u00edcate al 55-56-23-02-22 ext. 80057 y 55-56-23-70-14 (temporal).\r\n<br><br>\r\n<!--En caso de tener problemas al generar el formato, olvidaste tu clave o no cuentas con ella, manda un correo a:\r\n<a href=\"mailto:siscpi@posgrado.unam.mx\">siscpi@posgrado.unam.mx<\/a>, o comun\u00edcate al 55-56230222 ext. 80057 y 55 56237014 \r\n<img decoding=\"async\" src=\"https:\/\/posgrado.unam.mx\/ingenieria\/wp-content\/uploads\/2025\/04\/aviso-tram2.jpg\" alt=\"aviso\" width=\"\" height=\"\" \/>\r\nES POSIBLE QUE DEBAS UTILIZAR NAVEGACI\u00d3N PRIVADA\/INC\u00d3GINTA EN TU NAVEGADOR PARA PODER GENERAR LOS FORMATOS\r\n\r\n-->\r\n\r\n\r\n<p>\r\n<span>\r\n<strong>\r\n\r\n<\/strong>\r\n<\/span>\r\n<\/p>\r\n<ul id=\"menu-tramitesmaestria1_1-1\" class=\"pmdi-tramites-central-navigation\"><li class=\"menu-item menu-item-type-custom menu-item-object-custom menu-item-1135\"><a target=\"_blank\" href=\"http:\/\/ingenieria.posgrado.unam.mx\/sitv3\/alu03-f31.html\">Registro de tutor o tutores principales y tema de investigaci\u00f3n de maestr\u00eda<\/a><\/li>\n<li class=\"menu-item menu-item-type-custom menu-item-object-custom menu-item-1139\"><a target=\"_blank\" href=\"http:\/\/ingenieria.posgrado.unam.mx\/sitv3\/alu03-f16-n.html\">Cambio del tutor principal de maestr\u00eda<\/a><\/li>\n<li class=\"menu-item menu-item-type-custom menu-item-object-custom menu-item-1137\"><a target=\"_blank\" href=\"http:\/\/ingenieria.posgrado.unam.mx\/sitv3\/alu03-f37.html\">Cambio de tema de investigaci\u00f3n para alumnos de maestr\u00eda<\/a><\/li>\n<li class=\"menu-item menu-item-type-custom menu-item-object-custom menu-item-1132\"><a target=\"_blank\" href=\"http:\/\/ingenieria.posgrado.unam.mx\/sitv3\/alu03-f25-n.html\">Integraci\u00f3n del comit\u00e9 tutoral para alumnos de maestr\u00eda<\/a><\/li>\n<li class=\"menu-item menu-item-type-custom menu-item-object-custom menu-item-1134\"><a target=\"_blank\" href=\"http:\/\/ingenieria.posgrado.unam.mx\/sitv3\/alu03-f08-n.html\">Cambio de integrantes de comit\u00e9 tutoral de maestr\u00eda<\/a><\/li>\n<li class=\"menu-item menu-item-type-custom menu-item-object-custom menu-item-1136\"><a target=\"_blank\" href=\"http:\/\/ingenieria.posgrado.unam.mx\/sitv3\/alu03-f35.html\">Registro de modalidad de graduaci\u00f3n de maestr\u00eda<\/a><\/li>\n<li class=\"menu-item menu-item-type-custom menu-item-object-custom menu-item-1138\"><a target=\"_blank\" href=\"http:\/\/ingenieria.posgrado.unam.mx\/sitv3\/alu03-f38.html\">Cambio de modalidad de graduaci\u00f3n para alumnos de maestr\u00eda<\/a><\/li>\n<li class=\"menu-item menu-item-type-custom menu-item-object-custom menu-item-1141\"><a target=\"_blank\" href=\"http:\/\/ingenieria.posgrado.unam.mx\/sitv3\/alu03-f20.html\">Autorizaci\u00f3n para concluir cr\u00e9ditos de la maestr\u00eda<\/a><\/li>\n<li class=\"menu-item menu-item-type-custom menu-item-object-custom menu-item-1130\"><a target=\"_blank\" href=\"http:\/\/ingenieria.posgrado.unam.mx\/sitv3\/alu03-f01tn.html\">Integraci\u00f3n de jurado para examen de grado de maestr\u00eda<\/a><\/li>\n<li class=\"menu-item menu-item-type-custom menu-item-object-custom menu-item-2990\"><a href=\"http:\/\/solucionesmyl.com\/posgradoingenieriaunam\/formato\/\">Sistema de Registro de Participantes Acad\u00e9micos en el PMyDI<\/a><\/li>\n<li class=\"menu-item menu-item-type-custom menu-item-object-custom menu-item-1133\"><a target=\"_blank\" href=\"http:\/\/ingenieria.posgrado.unam.mx\/sitv3\/alu03-f05-n.html\">Cambio de integrantes de jurado para examen de grado de maestr\u00eda<\/a><\/li>\n<li class=\"menu-item menu-item-type-custom menu-item-object-custom menu-item-1140\"><a target=\"_blank\" href=\"http:\/\/ingenieria.posgrado.unam.mx\/sitv3\/alu03-f18.html\">Autorizaci\u00f3n para presentar el examen de grado de maestr\u00eda <br><b>&#8220;Este tr\u00e1mite no se puede enviar antes de que se haya conformado el jurado&#8221;<\/b><\/a><\/li>\n<li class=\"menu-item menu-item-type-custom menu-item-object-custom menu-item-1142\"><a target=\"_blank\" href=\"http:\/\/ingenieria.posgrado.unam.mx\/sitv3\/alu03-f23.html\">Interrupci\u00f3n de los estudios de maestr\u00eda<\/a><\/li>\n<li class=\"menu-item menu-item-type-custom menu-item-object-custom menu-item-1143\"><a target=\"_blank\" href=\"http:\/\/ingenieria.posgrado.unam.mx\/sitv3\/alu03-f10.html\">Baja definitiva de la maestr\u00eda<\/a><\/li>\n<li class=\"menu-item menu-item-type-custom menu-item-object-custom menu-item-1144\"><a target=\"_blank\" href=\"http:\/\/ingenieria.posgrado.unam.mx\/sitv3\/alu03-f34mae.html\">Formato libre<\/a><\/li>\n<\/ul>\r\n<!--\r\n<strong>IMPORTANTE:<\/strong>\r\n<br><br>\r\n1) Todos los tr\u00e1mites que generes los deber\u00e1s imprimir y entregar a tu SACC correspondiente, para mayor informaci\u00f3n consulta el procedimiento de cada tr\u00e1mite dando clic sobre el mismo.\r\n<br><br>\r\n2) En caso de tener problemas al generar el formato, olvidaste tu clave o no cuentas con ella, manda un correo a:\r\n<a href=\"mailto:siscpi@posgrado.unam.mx\">siscpi@posgrado.unam.mx<\/a>, o comun\u00edcate al 56230222 ext. 80057 y 56237014 (temporal).\r\n<br><br>\r\n3) Para consultar el estatus de tu tr\u00e1mite, ve a \"Consulta de tr\u00e1mites\", que se encuentra en la parte inferior de esta secci\u00f3n y coloca el n\u00famero de referencia que aparece en \u00e9l.\r\n-->\r\n<h3>Modalidades de graduaci\u00f3n [Procedimientos]<\/h3>\r\n\r\n<ul id=\"menu-tramitesmaestria3_1-1\" class=\"pmdi-tramites-central-navigation\"><li class=\"menu-item menu-item-type-custom menu-item-object-custom menu-item-1145\"><a target=\"_blank\" href=\"http:\/\/ingenieria.posgrado.unam.mx\/sitv3\/alu10-3-01.html\">Procedimiento para la Obtenci\u00f3n del Grado de Maestro en la Modalidad de Tesis<\/a><\/li>\n<li class=\"menu-item menu-item-type-custom menu-item-object-custom menu-item-1146\"><a target=\"_blank\" href=\"http:\/\/ingenieria.posgrado.unam.mx\/sitv3\/alu10-3-02.html\">Modalidad de Examen General de Conocimientos<\/a><\/li>\n<li class=\"menu-item menu-item-type-custom menu-item-object-custom menu-item-1147\"><a target=\"_blank\" href=\"http:\/\/ingenieria.posgrado.unam.mx\/sitv3\/alu10-3-03.html\">Modalidad de Informe de Trabajo de Investigaci\u00f3n<\/a><\/li>\n<li class=\"menu-item menu-item-type-custom menu-item-object-custom menu-item-1148\"><a target=\"_blank\" href=\"http:\/\/ingenieria.posgrado.unam.mx\/sitv3\/alu10-3-04.html\">Modalidad de Art\u00edculo de Investigaci\u00f3n<\/a><\/li>\n<\/ul>\r\n<br>\r\n&nbsp;\r\n<p style=\"text-align: justify;\"><strong>Existen cuatro modalidades para poder <i>graduarte<\/i>; cualquiera que elijas, se\r\ninicia una vez que tienes tu Revisi\u00f3n de Estudios\r\nliberada, a trav\u00e9s de la Secci\u00f3n Escolar correspondiente;\r\ny cuentes con la Integraci\u00f3n de Jurado para Examen de Grado\r\naprobada por el Comit\u00e9 Acad\u00e9mico.<\/strong><\/p>\r\nYa con estos requisitos deber\u00e1s presentarte, por una sola\r\nocasi\u00f3n a la OAPP a entregar toda la documentaci\u00f3n\r\nsolicitada. Posteriormente continuar\u00e1s el tr\u00e1mite\r\nv\u00eda Internet, por lo que ya no ser\u00e1 necesario que acudas\r\npersonalmente a la Unidad de Administraci\u00f3n del Programa (UAP),\r\nBiblioteca Central, Coordinaci\u00f3n del Programa, ni a entregar los\r\nCitatorios a los Sinodales del Examen.\r\n\r\n<b>Oficina de Apoyo a los Programas de Posgrado (OAPP)<\/b>\r\n&#8220;Servicios Escolares&#8221; de la Facultad de Ingenier\u00eda, Planta Baja. Edificio &#8220;U&#8221; &#8211; &#8220;Bernardo Quintana Arrioja&#8221; &#8211; Facultad de Ingenier\u00eda.\r\n<h3>Consulta de tr\u00e1mites<\/h3>\r\n<!--<iframe loading=\"lazy\" src=\"\/frm\/cgi-bin\/consulta-n.cgi\" width=\"100%\" height=\"300\"><\/iframe>-->\r\n<p style=\"text-align: justify;\">Para consultar un tr\u00e1mite, da clic <a style=\"text-decoration: none;\" href=\"http:\/\/ingenieria.posgrado.unam.mx\/cgi-bin\/consulta-n.cgi\" target=\"_blank\" rel=\"noopener\"><u>aqu\u00ed<\/u><\/a>.<\/p>","protected":false},"excerpt":{"rendered":"Tr\u00e1mites &#8211; Maestr\u00eda INSTRUCCIONES \u2022 Se puede consultar el procedimiento de cada tr\u00e1mite dando clic sobre el mismo. Si es la primera vez que hagas un tr\u00e1mite en el programa de maestr\u00eda en ingenier\u00eda, solicita la clave (NIP) requerida a siscpi@posgrado.unam.mx \u2022 Los tr\u00e1mites se generan mediante el llenado del formato por el sistema de [&hellip;]","protected":false},"author":1,"featured_media":0,"parent":0,"menu_order":0,"comment_status":"closed","ping_status":"closed","template":"tmpl-tramites.php","meta":{"footnotes":""},"class_list":["post-241","page","type-page","status-publish","hentry","no-wpautop"],"yoast_head":"<!-- This site is optimized with the Yoast SEO plugin v24.3 - https:\/\/yoast.com\/wordpress\/plugins\/seo\/ -->\n<title>Tr\u00e1mites - Maestr\u00eda - Programa de Maestr\u00eda y Doctorado en Ingenier\u00eda<\/title>\n<meta name=\"robots\" content=\"noindex, follow, max-snippet:-1, max-image-preview:large, max-video-preview:-1\" \/>\n<meta property=\"og:locale\" content=\"en_US\" \/>\n<meta property=\"og:type\" content=\"article\" \/>\n<meta property=\"og:title\" content=\"Tr\u00e1mites - Maestr\u00eda - Programa de Maestr\u00eda y Doctorado en Ingenier\u00eda\" \/>\n<meta property=\"og:description\" content=\"Tr\u00e1mites &#8211; Maestr\u00eda INSTRUCCIONES \u2022 Se puede consultar el procedimiento de cada tr\u00e1mite dando clic sobre el mismo. Si es la primera vez que hagas un tr\u00e1mite en el programa de maestr\u00eda en ingenier\u00eda, solicita la clave (NIP) requerida a siscpi@posgrado.unam.mx \u2022 Los tr\u00e1mites se generan mediante el llenado del formato por el sistema de [&hellip;]\" \/>\n<meta property=\"og:url\" content=\"https:\/\/posgrado.unam.mx\/ingenieria\/tramites-mae\/\" \/>\n<meta property=\"og:site_name\" content=\"Programa de Maestr\u00eda y Doctorado en Ingenier\u00eda\" \/>\n<meta property=\"article:modified_time\" content=\"2026-03-03T18:27:08+00:00\" \/>\n<meta property=\"og:image\" content=\"https:\/\/posgrado.unam.mx\/ingenieria\/wp-content\/uploads\/2025\/04\/aviso-tram2.jpg\" \/>\n<meta name=\"twitter:card\" content=\"summary_large_image\" \/>\n<meta name=\"twitter:label1\" content=\"Est. reading time\" \/>\n\t<meta name=\"twitter:data1\" content=\"4 minutes\" \/>\n<script type=\"application\/ld+json\" class=\"yoast-schema-graph\">{\"@context\":\"https:\/\/schema.org\",\"@graph\":[{\"@type\":\"WebPage\",\"@id\":\"https:\/\/posgrado.unam.mx\/ingenieria\/tramites-mae\/\",\"url\":\"https:\/\/posgrado.unam.mx\/ingenieria\/tramites-mae\/\",\"name\":\"Tr\u00e1mites - Maestr\u00eda - Programa de Maestr\u00eda y Doctorado en Ingenier\u00eda\",\"isPartOf\":{\"@id\":\"https:\/\/posgrado.unam.mx\/ingenieria\/#website\"},\"primaryImageOfPage\":{\"@id\":\"https:\/\/posgrado.unam.mx\/ingenieria\/tramites-mae\/#primaryimage\"},\"image\":{\"@id\":\"https:\/\/posgrado.unam.mx\/ingenieria\/tramites-mae\/#primaryimage\"},\"thumbnailUrl\":\"https:\/\/posgrado.unam.mx\/ingenieria\/wp-content\/uploads\/2025\/04\/aviso-tram2.jpg\",\"datePublished\":\"2017-07-28T22:39:02+00:00\",\"dateModified\":\"2026-03-03T18:27:08+00:00\",\"breadcrumb\":{\"@id\":\"https:\/\/posgrado.unam.mx\/ingenieria\/tramites-mae\/#breadcrumb\"},\"inLanguage\":\"en-US\",\"potentialAction\":[{\"@type\":\"ReadAction\",\"target\":[\"https:\/\/posgrado.unam.mx\/ingenieria\/tramites-mae\/\"]}]},{\"@type\":\"ImageObject\",\"inLanguage\":\"en-US\",\"@id\":\"https:\/\/posgrado.unam.mx\/ingenieria\/tramites-mae\/#primaryimage\",\"url\":\"https:\/\/posgrado.unam.mx\/ingenieria\/wp-content\/uploads\/2025\/04\/aviso-tram2.jpg\",\"contentUrl\":\"https:\/\/posgrado.unam.mx\/ingenieria\/wp-content\/uploads\/2025\/04\/aviso-tram2.jpg\"},{\"@type\":\"BreadcrumbList\",\"@id\":\"https:\/\/posgrado.unam.mx\/ingenieria\/tramites-mae\/#breadcrumb\",\"itemListElement\":[{\"@type\":\"ListItem\",\"position\":1,\"name\":\"Home\",\"item\":\"https:\/\/posgrado.unam.mx\/ingenieria\/\"},{\"@type\":\"ListItem\",\"position\":2,\"name\":\"Tr\u00e1mites &#8211; Maestr\u00eda\"}]},{\"@type\":\"WebSite\",\"@id\":\"https:\/\/posgrado.unam.mx\/ingenieria\/#website\",\"url\":\"https:\/\/posgrado.unam.mx\/ingenieria\/\",\"name\":\"Programa de Maestr\u00eda y Doctorado en Ingenier\u00eda\",\"description\":\"ss\",\"potentialAction\":[{\"@type\":\"SearchAction\",\"target\":{\"@type\":\"EntryPoint\",\"urlTemplate\":\"https:\/\/posgrado.unam.mx\/ingenieria\/?s={search_term_string}\"},\"query-input\":{\"@type\":\"PropertyValueSpecification\",\"valueRequired\":true,\"valueName\":\"search_term_string\"}}],\"inLanguage\":\"en-US\"}]}<\/script>\n<!-- \/ Yoast SEO plugin. -->","yoast_head_json":{"title":"Tr\u00e1mites - Maestr\u00eda - Programa de Maestr\u00eda y Doctorado en Ingenier\u00eda","robots":{"index":"noindex","follow":"follow","max-snippet":"max-snippet:-1","max-image-preview":"max-image-preview:large","max-video-preview":"max-video-preview:-1"},"og_locale":"en_US","og_type":"article","og_title":"Tr\u00e1mites - Maestr\u00eda - Programa de Maestr\u00eda y Doctorado en Ingenier\u00eda","og_description":"Tr\u00e1mites &#8211; Maestr\u00eda INSTRUCCIONES \u2022 Se puede consultar el procedimiento de cada tr\u00e1mite dando clic sobre el mismo. Si es la primera vez que hagas un tr\u00e1mite en el programa de maestr\u00eda en ingenier\u00eda, solicita la clave (NIP) requerida a siscpi@posgrado.unam.mx \u2022 Los tr\u00e1mites se generan mediante el llenado del formato por el sistema de [&hellip;]","og_url":"https:\/\/posgrado.unam.mx\/ingenieria\/tramites-mae\/","og_site_name":"Programa de Maestr\u00eda y Doctorado en Ingenier\u00eda","article_modified_time":"2026-03-03T18:27:08+00:00","og_image":[{"url":"https:\/\/posgrado.unam.mx\/ingenieria\/wp-content\/uploads\/2025\/04\/aviso-tram2.jpg","type":"","width":"","height":""}],"twitter_card":"summary_large_image","twitter_misc":{"Est. reading time":"4 minutes"},"schema":{"@context":"https:\/\/schema.org","@graph":[{"@type":"WebPage","@id":"https:\/\/posgrado.unam.mx\/ingenieria\/tramites-mae\/","url":"https:\/\/posgrado.unam.mx\/ingenieria\/tramites-mae\/","name":"Tr\u00e1mites - Maestr\u00eda - Programa de Maestr\u00eda y Doctorado en Ingenier\u00eda","isPartOf":{"@id":"https:\/\/posgrado.unam.mx\/ingenieria\/#website"},"primaryImageOfPage":{"@id":"https:\/\/posgrado.unam.mx\/ingenieria\/tramites-mae\/#primaryimage"},"image":{"@id":"https:\/\/posgrado.unam.mx\/ingenieria\/tramites-mae\/#primaryimage"},"thumbnailUrl":"https:\/\/posgrado.unam.mx\/ingenieria\/wp-content\/uploads\/2025\/04\/aviso-tram2.jpg","datePublished":"2017-07-28T22:39:02+00:00","dateModified":"2026-03-03T18:27:08+00:00","breadcrumb":{"@id":"https:\/\/posgrado.unam.mx\/ingenieria\/tramites-mae\/#breadcrumb"},"inLanguage":"en-US","potentialAction":[{"@type":"ReadAction","target":["https:\/\/posgrado.unam.mx\/ingenieria\/tramites-mae\/"]}]},{"@type":"ImageObject","inLanguage":"en-US","@id":"https:\/\/posgrado.unam.mx\/ingenieria\/tramites-mae\/#primaryimage","url":"https:\/\/posgrado.unam.mx\/ingenieria\/wp-content\/uploads\/2025\/04\/aviso-tram2.jpg","contentUrl":"https:\/\/posgrado.unam.mx\/ingenieria\/wp-content\/uploads\/2025\/04\/aviso-tram2.jpg"},{"@type":"BreadcrumbList","@id":"https:\/\/posgrado.unam.mx\/ingenieria\/tramites-mae\/#breadcrumb","itemListElement":[{"@type":"ListItem","position":1,"name":"Home","item":"https:\/\/posgrado.unam.mx\/ingenieria\/"},{"@type":"ListItem","position":2,"name":"Tr\u00e1mites &#8211; Maestr\u00eda"}]},{"@type":"WebSite","@id":"https:\/\/posgrado.unam.mx\/ingenieria\/#website","url":"https:\/\/posgrado.unam.mx\/ingenieria\/","name":"Programa de Maestr\u00eda y Doctorado en Ingenier\u00eda","description":"ss","potentialAction":[{"@type":"SearchAction","target":{"@type":"EntryPoint","urlTemplate":"https:\/\/posgrado.unam.mx\/ingenieria\/?s={search_term_string}"},"query-input":{"@type":"PropertyValueSpecification","valueRequired":true,"valueName":"search_term_string"}}],"inLanguage":"en-US"}]}},"_links":{"self":[{"href":"https:\/\/posgrado.unam.mx\/ingenieria\/en\/wp-json\/wp\/v2\/pages\/241","targetHints":{"allow":["GET"]}}],"collection":[{"href":"https:\/\/posgrado.unam.mx\/ingenieria\/en\/wp-json\/wp\/v2\/pages"}],"about":[{"href":"https:\/\/posgrado.unam.mx\/ingenieria\/en\/wp-json\/wp\/v2\/types\/page"}],"author":[{"embeddable":true,"href":"https:\/\/posgrado.unam.mx\/ingenieria\/en\/wp-json\/wp\/v2\/users\/1"}],"replies":[{"embeddable":true,"href":"https:\/\/posgrado.unam.mx\/ingenieria\/en\/wp-json\/wp\/v2\/comments?post=241"}],"version-history":[{"count":65,"href":"https:\/\/posgrado.unam.mx\/ingenieria\/en\/wp-json\/wp\/v2\/pages\/241\/revisions"}],"predecessor-version":[{"id":4057,"href":"https:\/\/posgrado.unam.mx\/ingenieria\/en\/wp-json\/wp\/v2\/pages\/241\/revisions\/4057"}],"wp:attachment":[{"href":"https:\/\/posgrado.unam.mx\/ingenieria\/en\/wp-json\/wp\/v2\/media?parent=241"}],"curies":[{"name":"wp","href":"https:\/\/api.w.org\/{rel}","templated":true}]}}