{"id":214,"date":"2017-07-28T16:09:18","date_gmt":"2017-07-28T22:09:18","guid":{"rendered":"http:\/\/pmdi.dspbit.com\/?page_id=214"},"modified":"2023-01-17T15:55:41","modified_gmt":"2023-01-17T21:55:41","slug":"registroenvio-de-documentos","status":"publish","type":"page","link":"https:\/\/posgrado.unam.mx\/ingenieria\/en\/registroenvio-de-documentos\/","title":{"rendered":"Registro\/Env\u00edo de Documentos &#8211; Maestr\u00eda"},"content":{"rendered":"<p><\/p>\n<h1>Registro\/Env\u00edo de Documentos<\/h1>\n<p><!--\n[BTS]\n\n\n[BTStab title=\"Maestr\u00eda\"]--><\/p>\n<div id=\"accordion1\" class=\"panel-group\" role=\"tablist\" aria-multiselectable=\"true\">\n<div class=\"panel panel-default\">\n<div class=\"panel-heading\" role=\"tab\" id=\"heading1\" data-toggle=\"collapse\" data-target=\"#collapse1\">\n<h4 class=\"panel-title\">\n               Aspirantes a Maestr\u00eda<br \/>\n            <\/h4>\n<\/p><\/div>\n<div id=\"collapse1\" class=\"panel-collapse collapse in\" role=\"tabpanel\" aria-labelledby=\"heading1\">\n<div class=\"panel-body\">\n<!--REGISTRO Y ENV\u00cdO DE DOCUMENTOS (para todos los aspirantes):<br \/>\n<a href=\"http:\/\/132.248.52.243\/Registradatosmae.html\">132.248.52.243\/Registradatosmae.html<\/a>\n\n\n--><\/p>\n<\/div><\/div>\n<\/p><\/div>\n<p><!--\n[\/BTStab]\n\n[BTStab title=\"Doctorado\"]--><\/p>\n<div id=\"accordion1\" class=\"panel-group\" role=\"tablist\" aria-multiselectable=\"true\">\n<!--\n    \n\n<div class=\"panel panel-default\">\n        \n\n<div class=\"panel-heading\" role=\"tab\" id=\"heading1\" data-toggle=\"collapse\" data-target=\"#collapse1\">\n            \n\n<h4 class=\"panel-title\">\n               Aspirantes a Maestr\u00eda\n            <\/h4>\n\n\n        <\/div>\n\n\n        \n\n<div id=\"collapse1\" class=\"panel-collapse collapse in\" role=\"tabpanel\" aria-labelledby=\"heading1\">\n            \n\n<div class=\"panel-body\">\nREGISTRO Y ENV\u00cdO DE DOCUMENTOS (para todos los aspirantes):<br \/>\n<a href=\"132.248.52.243\/Registradatosmae.html\">132.248.52.243\/Registradatosmae.html<\/a>\n\n\n\n\nENV\u00cdO DE DOCUMENTOS (en caso de omisi\u00f3n o correcci\u00f3n):<br \/>\n<a href=\"132.248.52.243\/Iniciodoctosmae.html\">132.248.52.243\/Iniciodoctosmae.html<\/a> <br \/>\n<\/div>\n\n\n        <\/div>\n\n\n    <\/div>\n\n\n--><\/p>\n<div class=\"panel panel-default\">\n<div class=\"panel-heading\" role=\"tab\" id=\"heading2\"  data-toggle=\"collapse\" data-target=\"#collapse2\">\n<h4 class=\"panel-title\">\n               Aspirantes a Doctorado<br \/>\n            <\/h4>\n<\/p><\/div>\n<div id=\"collapse2\" class=\"panel-collapse collapse\" role=\"tabpanel\" aria-labelledby=\"heading2\">\n<div class=\"panel-body\">\n<!--REGISTRO Y ENV\u00cdO DE DOCUMENTOS:<br \/>\n<a href=\"http:\/\/132.248.52.243\/Registradatosdoc.html\">132.248.52.243\/Registradatosdoc.html<\/a>\n\n\n\n\nENV\u00cdO DE DOCUMENTOS (en caso de omisi\u00f3n o correcci\u00f3n):<br \/>\n<a href=\"http:\/\/132.248.52.243\/Iniciodoctos.html\">132.248.52.243\/Iniciodoctos.html<\/a> <br \/>\n-->\n<\/div>\n<\/p><\/div>\n<\/p><\/div>\n<\/div>\n<p><!--\n[\/BTStab]\n\n\n\n[\/BTS]--><\/p>","protected":false},"excerpt":{"rendered":"<p>Registro\/Env\u00edo de Documentos Aspirantes a Maestr\u00eda Aspirantes a Doctorado<\/p>\n","protected":false},"author":1,"featured_media":0,"parent":0,"menu_order":0,"comment_status":"closed","ping_status":"closed","template":"","meta":{"footnotes":""},"class_list":["post-214","page","type-page","status-publish","hentry","wpautop"],"yoast_head":"<!-- This site is optimized with the Yoast SEO plugin v24.3 - https:\/\/yoast.com\/wordpress\/plugins\/seo\/ -->\n<title>Registro\/Env\u00edo de Documentos - Maestr\u00eda - Programa de Maestr\u00eda y Doctorado en Ingenier\u00eda<\/title>\n<meta name=\"robots\" content=\"noindex, follow, max-snippet:-1, max-image-preview:large, max-video-preview:-1\" \/>\n<meta property=\"og:locale\" content=\"en_US\" \/>\n<meta property=\"og:type\" content=\"article\" \/>\n<meta property=\"og:title\" content=\"[:es]Registro\/Env\u00edo de Documentos[:en]Registro\/Env\u00edo de Documentos - Maestr\u00eda[:] - Programa de Maestr\u00eda y Doctorado en Ingenier\u00eda\" \/>\n<meta property=\"og:description\" content=\"Registro\/Env\u00edo de Documentos Aspirantes a Maestr\u00eda Aspirantes a Doctorado\" \/>\n<meta property=\"og:url\" content=\"https:\/\/posgrado.unam.mx\/ingenieria\/registroenvio-de-documentos\/\" \/>\n<meta property=\"og:site_name\" content=\"Programa de Maestr\u00eda y Doctorado en Ingenier\u00eda\" \/>\n<meta property=\"article:modified_time\" content=\"2023-01-17T21:55:41+00:00\" \/>\n<meta name=\"twitter:card\" content=\"summary_large_image\" \/>\n<script type=\"application\/ld+json\" class=\"yoast-schema-graph\">{\"@context\":\"https:\/\/schema.org\",\"@graph\":[{\"@type\":\"WebPage\",\"@id\":\"https:\/\/posgrado.unam.mx\/ingenieria\/registroenvio-de-documentos\/\",\"url\":\"https:\/\/posgrado.unam.mx\/ingenieria\/registroenvio-de-documentos\/\",\"name\":\"[:es]Registro\/Env\u00edo de Documentos[:en]Registro\/Env\u00edo de Documentos - Maestr\u00eda[:] - Programa de Maestr\u00eda y Doctorado en Ingenier\u00eda\",\"isPartOf\":{\"@id\":\"https:\/\/posgrado.unam.mx\/ingenieria\/#website\"},\"datePublished\":\"2017-07-28T22:09:18+00:00\",\"dateModified\":\"2023-01-17T21:55:41+00:00\",\"breadcrumb\":{\"@id\":\"https:\/\/posgrado.unam.mx\/ingenieria\/registroenvio-de-documentos\/#breadcrumb\"},\"inLanguage\":\"en-US\",\"potentialAction\":[{\"@type\":\"ReadAction\",\"target\":[\"https:\/\/posgrado.unam.mx\/ingenieria\/registroenvio-de-documentos\/\"]}]},{\"@type\":\"BreadcrumbList\",\"@id\":\"https:\/\/posgrado.unam.mx\/ingenieria\/registroenvio-de-documentos\/#breadcrumb\",\"itemListElement\":[{\"@type\":\"ListItem\",\"position\":1,\"name\":\"Home\",\"item\":\"https:\/\/posgrado.unam.mx\/ingenieria\/\"},{\"@type\":\"ListItem\",\"position\":2,\"name\":\"Registro\/Env\u00edo de Documentos\"}]},{\"@type\":\"WebSite\",\"@id\":\"https:\/\/posgrado.unam.mx\/ingenieria\/#website\",\"url\":\"https:\/\/posgrado.unam.mx\/ingenieria\/\",\"name\":\"Programa de Maestr\u00eda y Doctorado en Ingenier\u00eda\",\"description\":\"ss\",\"potentialAction\":[{\"@type\":\"SearchAction\",\"target\":{\"@type\":\"EntryPoint\",\"urlTemplate\":\"https:\/\/posgrado.unam.mx\/ingenieria\/?s={search_term_string}\"},\"query-input\":{\"@type\":\"PropertyValueSpecification\",\"valueRequired\":true,\"valueName\":\"search_term_string\"}}],\"inLanguage\":\"en-US\"}]}<\/script>\n<!-- \/ Yoast SEO plugin. -->","yoast_head_json":{"title":"[:es]Registro\/Env\u00edo de Documentos[:en]Registro\/Env\u00edo de Documentos - Maestr\u00eda[:] - Programa de Maestr\u00eda y Doctorado en Ingenier\u00eda","robots":{"index":"noindex","follow":"follow","max-snippet":"max-snippet:-1","max-image-preview":"max-image-preview:large","max-video-preview":"max-video-preview:-1"},"og_locale":"en_US","og_type":"article","og_title":"[:es]Registro\/Env\u00edo de Documentos[:en]Registro\/Env\u00edo de Documentos - Maestr\u00eda[:] - Programa de Maestr\u00eda y Doctorado en Ingenier\u00eda","og_description":"Registro\/Env\u00edo de Documentos Aspirantes a Maestr\u00eda Aspirantes a Doctorado","og_url":"https:\/\/posgrado.unam.mx\/ingenieria\/registroenvio-de-documentos\/","og_site_name":"Programa de Maestr\u00eda y Doctorado en Ingenier\u00eda","article_modified_time":"2023-01-17T21:55:41+00:00","twitter_card":"summary_large_image","schema":{"@context":"https:\/\/schema.org","@graph":[{"@type":"WebPage","@id":"https:\/\/posgrado.unam.mx\/ingenieria\/registroenvio-de-documentos\/","url":"https:\/\/posgrado.unam.mx\/ingenieria\/registroenvio-de-documentos\/","name":"[:es]Registro\/Env\u00edo de Documentos[:en]Registro\/Env\u00edo de Documentos - Maestr\u00eda[:] - Programa de Maestr\u00eda y Doctorado en Ingenier\u00eda","isPartOf":{"@id":"https:\/\/posgrado.unam.mx\/ingenieria\/#website"},"datePublished":"2017-07-28T22:09:18+00:00","dateModified":"2023-01-17T21:55:41+00:00","breadcrumb":{"@id":"https:\/\/posgrado.unam.mx\/ingenieria\/registroenvio-de-documentos\/#breadcrumb"},"inLanguage":"en-US","potentialAction":[{"@type":"ReadAction","target":["https:\/\/posgrado.unam.mx\/ingenieria\/registroenvio-de-documentos\/"]}]},{"@type":"BreadcrumbList","@id":"https:\/\/posgrado.unam.mx\/ingenieria\/registroenvio-de-documentos\/#breadcrumb","itemListElement":[{"@type":"ListItem","position":1,"name":"Home","item":"https:\/\/posgrado.unam.mx\/ingenieria\/"},{"@type":"ListItem","position":2,"name":"Registro\/Env\u00edo de Documentos"}]},{"@type":"WebSite","@id":"https:\/\/posgrado.unam.mx\/ingenieria\/#website","url":"https:\/\/posgrado.unam.mx\/ingenieria\/","name":"Programa de Maestr\u00eda y Doctorado en Ingenier\u00eda","description":"ss","potentialAction":[{"@type":"SearchAction","target":{"@type":"EntryPoint","urlTemplate":"https:\/\/posgrado.unam.mx\/ingenieria\/?s={search_term_string}"},"query-input":{"@type":"PropertyValueSpecification","valueRequired":true,"valueName":"search_term_string"}}],"inLanguage":"en-US"}]}},"_links":{"self":[{"href":"https:\/\/posgrado.unam.mx\/ingenieria\/en\/wp-json\/wp\/v2\/pages\/214","targetHints":{"allow":["GET"]}}],"collection":[{"href":"https:\/\/posgrado.unam.mx\/ingenieria\/en\/wp-json\/wp\/v2\/pages"}],"about":[{"href":"https:\/\/posgrado.unam.mx\/ingenieria\/en\/wp-json\/wp\/v2\/types\/page"}],"author":[{"embeddable":true,"href":"https:\/\/posgrado.unam.mx\/ingenieria\/en\/wp-json\/wp\/v2\/users\/1"}],"replies":[{"embeddable":true,"href":"https:\/\/posgrado.unam.mx\/ingenieria\/en\/wp-json\/wp\/v2\/comments?post=214"}],"version-history":[{"count":42,"href":"https:\/\/posgrado.unam.mx\/ingenieria\/en\/wp-json\/wp\/v2\/pages\/214\/revisions"}],"predecessor-version":[{"id":2861,"href":"https:\/\/posgrado.unam.mx\/ingenieria\/en\/wp-json\/wp\/v2\/pages\/214\/revisions\/2861"}],"wp:attachment":[{"href":"https:\/\/posgrado.unam.mx\/ingenieria\/en\/wp-json\/wp\/v2\/media?parent=214"}],"curies":[{"name":"wp","href":"https:\/\/api.w.org\/{rel}","templated":true}]}}