{"id":189,"date":"2017-07-28T15:54:54","date_gmt":"2017-07-28T21:54:54","guid":{"rendered":"http:\/\/pmdi.dspbit.com\/?page_id=189"},"modified":"2023-03-12T23:30:16","modified_gmt":"2023-03-13T05:30:16","slug":"acta-interna-eval-prof","status":"publish","type":"page","link":"https:\/\/posgrado.unam.mx\/ingenieria\/en\/acta-interna-eval-prof\/","title":{"rendered":"Acta Interna Eval. Prof."},"content":{"rendered":"<h1>Acta Interna Eval. Prof.<\/h1>\n<div id=\"accordion1\" class=\"panel-group\" role=\"tablist\" aria-multiselectable=\"true\">\n<div class=\"panel panel-default\">\n<div id=\"heading1\" class=\"panel-heading\" role=\"tab\">\n<h4 class=\"panel-title\"><a role=\"button\" href=\"#collapse1\" data-toggle=\"collapse\" data-parent=\"#accordion1\" aria-expanded=\"true\" aria-controls=\"collapse1\">\nActa Interna de Evaluaci\u00f3n Semestral del Trabajo Acad\u00e9mico de Doctorado\n<\/a><\/h4>\n<\/div>\n<div id=\"collapse1\" class=\"panel-collapse collapse in\" role=\"tabpanel\" aria-labelledby=\"heading1\">\n<div class=\"panel-body\"><embed class=\"pdf\" src=\"https:\/\/posgrado.unam.mx\/ingenieria\/wp-content\/uploads\/2017\/09\/AETAD-1.pdf\" width=\"100%\" height=\"100%\"><\/embed><\/div>\n<\/div>\n<\/div>\n<\/div>","protected":false},"excerpt":{"rendered":"Acta Interna Eval. Prof. Acta Interna de Evaluaci\u00f3n Semestral del Trabajo Acad\u00e9mico de Doctorado","protected":false},"author":1,"featured_media":0,"parent":0,"menu_order":0,"comment_status":"closed","ping_status":"closed","template":"","meta":{"footnotes":""},"class_list":["post-189","page","type-page","status-publish","hentry","no-wpautop"],"yoast_head":"<!-- This site is optimized with the Yoast SEO plugin v24.3 - https:\/\/yoast.com\/wordpress\/plugins\/seo\/ -->\n<title>Acta Interna Eval. Prof. - Programa de Maestr\u00eda y Doctorado en Ingenier\u00eda<\/title>\n<meta name=\"robots\" content=\"noindex, follow, max-snippet:-1, max-image-preview:large, max-video-preview:-1\" \/>\n<meta property=\"og:locale\" content=\"en_US\" \/>\n<meta property=\"og:type\" content=\"article\" \/>\n<meta property=\"og:title\" content=\"Acta Interna Eval. Prof. - Programa de Maestr\u00eda y Doctorado en Ingenier\u00eda\" \/>\n<meta property=\"og:description\" content=\"Acta Interna Eval. Prof. Acta Interna de Evaluaci\u00f3n Semestral del Trabajo Acad\u00e9mico de Doctorado\" \/>\n<meta property=\"og:url\" content=\"https:\/\/posgrado.unam.mx\/ingenieria\/acta-interna-eval-prof\/\" \/>\n<meta property=\"og:site_name\" content=\"Programa de Maestr\u00eda y Doctorado en Ingenier\u00eda\" \/>\n<meta property=\"article:modified_time\" content=\"2023-03-13T05:30:16+00:00\" \/>\n<meta name=\"twitter:card\" content=\"summary_large_image\" \/>\n<meta name=\"twitter:label1\" content=\"Est. reading time\" \/>\n\t<meta name=\"twitter:data1\" content=\"1 minute\" \/>\n<script type=\"application\/ld+json\" class=\"yoast-schema-graph\">{\"@context\":\"https:\/\/schema.org\",\"@graph\":[{\"@type\":\"WebPage\",\"@id\":\"https:\/\/posgrado.unam.mx\/ingenieria\/acta-interna-eval-prof\/\",\"url\":\"https:\/\/posgrado.unam.mx\/ingenieria\/acta-interna-eval-prof\/\",\"name\":\"Acta Interna Eval. Prof. - Programa de Maestr\u00eda y Doctorado en Ingenier\u00eda\",\"isPartOf\":{\"@id\":\"https:\/\/posgrado.unam.mx\/ingenieria\/#website\"},\"datePublished\":\"2017-07-28T21:54:54+00:00\",\"dateModified\":\"2023-03-13T05:30:16+00:00\",\"breadcrumb\":{\"@id\":\"https:\/\/posgrado.unam.mx\/ingenieria\/acta-interna-eval-prof\/#breadcrumb\"},\"inLanguage\":\"en-US\",\"potentialAction\":[{\"@type\":\"ReadAction\",\"target\":[\"https:\/\/posgrado.unam.mx\/ingenieria\/acta-interna-eval-prof\/\"]}]},{\"@type\":\"BreadcrumbList\",\"@id\":\"https:\/\/posgrado.unam.mx\/ingenieria\/acta-interna-eval-prof\/#breadcrumb\",\"itemListElement\":[{\"@type\":\"ListItem\",\"position\":1,\"name\":\"Home\",\"item\":\"https:\/\/posgrado.unam.mx\/ingenieria\/\"},{\"@type\":\"ListItem\",\"position\":2,\"name\":\"Acta Interna Eval. Prof.\"}]},{\"@type\":\"WebSite\",\"@id\":\"https:\/\/posgrado.unam.mx\/ingenieria\/#website\",\"url\":\"https:\/\/posgrado.unam.mx\/ingenieria\/\",\"name\":\"Programa de Maestr\u00eda y Doctorado en Ingenier\u00eda\",\"description\":\"ss\",\"potentialAction\":[{\"@type\":\"SearchAction\",\"target\":{\"@type\":\"EntryPoint\",\"urlTemplate\":\"https:\/\/posgrado.unam.mx\/ingenieria\/?s={search_term_string}\"},\"query-input\":{\"@type\":\"PropertyValueSpecification\",\"valueRequired\":true,\"valueName\":\"search_term_string\"}}],\"inLanguage\":\"en-US\"}]}<\/script>\n<!-- \/ Yoast SEO plugin. -->","yoast_head_json":{"title":"Acta Interna Eval. Prof. - Programa de Maestr\u00eda y Doctorado en Ingenier\u00eda","robots":{"index":"noindex","follow":"follow","max-snippet":"max-snippet:-1","max-image-preview":"max-image-preview:large","max-video-preview":"max-video-preview:-1"},"og_locale":"en_US","og_type":"article","og_title":"Acta Interna Eval. Prof. - Programa de Maestr\u00eda y Doctorado en Ingenier\u00eda","og_description":"Acta Interna Eval. Prof. Acta Interna de Evaluaci\u00f3n Semestral del Trabajo Acad\u00e9mico de Doctorado","og_url":"https:\/\/posgrado.unam.mx\/ingenieria\/acta-interna-eval-prof\/","og_site_name":"Programa de Maestr\u00eda y Doctorado en Ingenier\u00eda","article_modified_time":"2023-03-13T05:30:16+00:00","twitter_card":"summary_large_image","twitter_misc":{"Est. reading time":"1 minute"},"schema":{"@context":"https:\/\/schema.org","@graph":[{"@type":"WebPage","@id":"https:\/\/posgrado.unam.mx\/ingenieria\/acta-interna-eval-prof\/","url":"https:\/\/posgrado.unam.mx\/ingenieria\/acta-interna-eval-prof\/","name":"Acta Interna Eval. Prof. - Programa de Maestr\u00eda y Doctorado en Ingenier\u00eda","isPartOf":{"@id":"https:\/\/posgrado.unam.mx\/ingenieria\/#website"},"datePublished":"2017-07-28T21:54:54+00:00","dateModified":"2023-03-13T05:30:16+00:00","breadcrumb":{"@id":"https:\/\/posgrado.unam.mx\/ingenieria\/acta-interna-eval-prof\/#breadcrumb"},"inLanguage":"en-US","potentialAction":[{"@type":"ReadAction","target":["https:\/\/posgrado.unam.mx\/ingenieria\/acta-interna-eval-prof\/"]}]},{"@type":"BreadcrumbList","@id":"https:\/\/posgrado.unam.mx\/ingenieria\/acta-interna-eval-prof\/#breadcrumb","itemListElement":[{"@type":"ListItem","position":1,"name":"Home","item":"https:\/\/posgrado.unam.mx\/ingenieria\/"},{"@type":"ListItem","position":2,"name":"Acta Interna Eval. Prof."}]},{"@type":"WebSite","@id":"https:\/\/posgrado.unam.mx\/ingenieria\/#website","url":"https:\/\/posgrado.unam.mx\/ingenieria\/","name":"Programa de Maestr\u00eda y Doctorado en Ingenier\u00eda","description":"ss","potentialAction":[{"@type":"SearchAction","target":{"@type":"EntryPoint","urlTemplate":"https:\/\/posgrado.unam.mx\/ingenieria\/?s={search_term_string}"},"query-input":{"@type":"PropertyValueSpecification","valueRequired":true,"valueName":"search_term_string"}}],"inLanguage":"en-US"}]}},"_links":{"self":[{"href":"https:\/\/posgrado.unam.mx\/ingenieria\/en\/wp-json\/wp\/v2\/pages\/189","targetHints":{"allow":["GET"]}}],"collection":[{"href":"https:\/\/posgrado.unam.mx\/ingenieria\/en\/wp-json\/wp\/v2\/pages"}],"about":[{"href":"https:\/\/posgrado.unam.mx\/ingenieria\/en\/wp-json\/wp\/v2\/types\/page"}],"author":[{"embeddable":true,"href":"https:\/\/posgrado.unam.mx\/ingenieria\/en\/wp-json\/wp\/v2\/users\/1"}],"replies":[{"embeddable":true,"href":"https:\/\/posgrado.unam.mx\/ingenieria\/en\/wp-json\/wp\/v2\/comments?post=189"}],"version-history":[{"count":6,"href":"https:\/\/posgrado.unam.mx\/ingenieria\/en\/wp-json\/wp\/v2\/pages\/189\/revisions"}],"predecessor-version":[{"id":2860,"href":"https:\/\/posgrado.unam.mx\/ingenieria\/en\/wp-json\/wp\/v2\/pages\/189\/revisions\/2860"}],"wp:attachment":[{"href":"https:\/\/posgrado.unam.mx\/ingenieria\/en\/wp-json\/wp\/v2\/media?parent=189"}],"curies":[{"name":"wp","href":"https:\/\/api.w.org\/{rel}","templated":true}]}}