{"id":1103,"date":"2018-06-25T20:01:10","date_gmt":"2018-06-26T01:01:10","guid":{"rendered":"http:\/\/ingen.posgrado.unam.mx\/?page_id=1103"},"modified":"2018-06-25T20:24:51","modified_gmt":"2018-06-26T01:24:51","slug":"sedes-foraneas","status":"publish","type":"page","link":"https:\/\/posgrado.unam.mx\/ingenieria\/en\/sedes-foraneas\/","title":{"rendered":"(Espa\u00f1ol) Sedes For\u00e1neas"},"content":{"rendered":"<p class=\"qtranxs-available-languages-message qtranxs-available-languages-message-en\">Sorry, this entry is only available in <a href=\"https:\/\/posgrado.unam.mx\/ingenieria\/es\/wp-json\/wp\/v2\/pages\/1103\" class=\"qtranxs-available-language-link qtranxs-available-language-link-es\" title=\"Espa\u00f1ol\">Espa\u00f1ol<\/a>. For the sake of viewer convenience, the content is shown below in the alternative language. You may click the link to switch the active language.<\/p><p><\/p>\n<h1>Sedes For\u00e1neas<\/h1>\n<p><ul id=\"menu-sedesforaneas\" class=\"pmdi-tramites-central-navigation\"><li id=\"menu-item-1109\" class=\"menu-item menu-item-type-custom menu-item-object-custom menu-item-1109\"><a href=\"https:\/\/lipc.unam.mx\/\">UNAM &#8211; Campus Sisal<\/a><\/li>\n<li id=\"menu-item-1110\" class=\"menu-item menu-item-type-custom menu-item-object-custom menu-item-1110\"><a href=\"http:\/\/www.ingenieria.unam.mx\/uat\/\">Unidad de Alta Tecnolog\u00eda &#8211; FI &#8211; UNAM Juriquilla<\/a><\/li>\n<li id=\"menu-item-1111\" class=\"menu-item menu-item-type-custom menu-item-object-custom menu-item-1111\"><a href=\"http:\/\/www.punta.unam.mx\/\">Polo Universitario de Tecnolog\u00eda Avanzada (PUNTA &#8211; UNAM)<\/a><\/li>\n<li id=\"menu-item-1118\" class=\"menu-item menu-item-type-custom menu-item-object-custom menu-item-1118\"><a href=\"http:\/\/www2.iingen.unam.mx\/es-mx\/SitiosWeb\/Laboratorios\/LIPATA\/Paginas\/default.aspx\">Unidad Acad\u00e9mica del Instituto de Ingenier\u00eda &#8211; UNAM Campus Juriquilla<\/a><\/li>\n<\/ul><\/p>","protected":false},"excerpt":{"rendered":"<p>Sorry, this entry is only available in Espa\u00f1ol. For the sake of viewer convenience, the content is shown below in the alternative language. You may click the link to switch the active language. Sedes For\u00e1neas<\/p>\n","protected":false},"author":1,"featured_media":0,"parent":0,"menu_order":0,"comment_status":"closed","ping_status":"closed","template":"","meta":{"footnotes":""},"class_list":["post-1103","page","type-page","status-publish","hentry","wpautop"],"yoast_head":"<!-- This site is optimized with the Yoast SEO plugin v24.3 - https:\/\/yoast.com\/wordpress\/plugins\/seo\/ -->\n<title><\/title>\n<meta name=\"robots\" content=\"noindex, follow, max-snippet:-1, max-image-preview:large, max-video-preview:-1\" \/>\n<meta property=\"og:locale\" content=\"en_US\" \/>\n<meta property=\"og:type\" content=\"article\" \/>\n<meta property=\"og:title\" content=\"[:es]Sedes For\u00e1neas[:] - Programa de Maestr\u00eda y Doctorado en Ingenier\u00eda\" \/>\n<meta property=\"og:description\" content=\"Sorry, this entry is only available in Espa\u00f1ol. For the sake of viewer convenience, the content is shown below in the alternative language. You may click the link to switch the active language. Sedes For\u00e1neas\" \/>\n<meta property=\"og:url\" content=\"https:\/\/posgrado.unam.mx\/ingenieria\/sedes-foraneas\/\" \/>\n<meta property=\"og:site_name\" content=\"Programa de Maestr\u00eda y Doctorado en Ingenier\u00eda\" \/>\n<meta property=\"article:modified_time\" content=\"2018-06-26T01:24:51+00:00\" \/>\n<meta name=\"twitter:card\" content=\"summary_large_image\" \/>\n<script type=\"application\/ld+json\" class=\"yoast-schema-graph\">{\"@context\":\"https:\/\/schema.org\",\"@graph\":[{\"@type\":\"WebPage\",\"@id\":\"https:\/\/posgrado.unam.mx\/ingenieria\/sedes-foraneas\/\",\"url\":\"https:\/\/posgrado.unam.mx\/ingenieria\/sedes-foraneas\/\",\"name\":\"[:es]Sedes For\u00e1neas[:] - Programa de Maestr\u00eda y Doctorado en Ingenier\u00eda\",\"isPartOf\":{\"@id\":\"https:\/\/posgrado.unam.mx\/ingenieria\/#website\"},\"datePublished\":\"2018-06-26T01:01:10+00:00\",\"dateModified\":\"2018-06-26T01:24:51+00:00\",\"breadcrumb\":{\"@id\":\"https:\/\/posgrado.unam.mx\/ingenieria\/sedes-foraneas\/#breadcrumb\"},\"inLanguage\":\"en-US\",\"potentialAction\":[{\"@type\":\"ReadAction\",\"target\":[\"https:\/\/posgrado.unam.mx\/ingenieria\/sedes-foraneas\/\"]}]},{\"@type\":\"BreadcrumbList\",\"@id\":\"https:\/\/posgrado.unam.mx\/ingenieria\/sedes-foraneas\/#breadcrumb\",\"itemListElement\":[{\"@type\":\"ListItem\",\"position\":1,\"name\":\"Home\",\"item\":\"https:\/\/posgrado.unam.mx\/ingenieria\/\"},{\"@type\":\"ListItem\",\"position\":2,\"name\":\"Sedes For\u00e1neas\"}]},{\"@type\":\"WebSite\",\"@id\":\"https:\/\/posgrado.unam.mx\/ingenieria\/#website\",\"url\":\"https:\/\/posgrado.unam.mx\/ingenieria\/\",\"name\":\"Programa de Maestr\u00eda y Doctorado en Ingenier\u00eda\",\"description\":\"ss\",\"potentialAction\":[{\"@type\":\"SearchAction\",\"target\":{\"@type\":\"EntryPoint\",\"urlTemplate\":\"https:\/\/posgrado.unam.mx\/ingenieria\/?s={search_term_string}\"},\"query-input\":{\"@type\":\"PropertyValueSpecification\",\"valueRequired\":true,\"valueName\":\"search_term_string\"}}],\"inLanguage\":\"en-US\"}]}<\/script>\n<!-- \/ Yoast SEO plugin. -->","yoast_head_json":{"title":"[:es]Sedes For\u00e1neas[:] - Programa de Maestr\u00eda y Doctorado en Ingenier\u00eda","robots":{"index":"noindex","follow":"follow","max-snippet":"max-snippet:-1","max-image-preview":"max-image-preview:large","max-video-preview":"max-video-preview:-1"},"og_locale":"en_US","og_type":"article","og_title":"[:es]Sedes For\u00e1neas[:] - Programa de Maestr\u00eda y Doctorado en Ingenier\u00eda","og_description":"Sorry, this entry is only available in Espa\u00f1ol. For the sake of viewer convenience, the content is shown below in the alternative language. You may click the link to switch the active language. Sedes For\u00e1neas","og_url":"https:\/\/posgrado.unam.mx\/ingenieria\/sedes-foraneas\/","og_site_name":"Programa de Maestr\u00eda y Doctorado en Ingenier\u00eda","article_modified_time":"2018-06-26T01:24:51+00:00","twitter_card":"summary_large_image","schema":{"@context":"https:\/\/schema.org","@graph":[{"@type":"WebPage","@id":"https:\/\/posgrado.unam.mx\/ingenieria\/sedes-foraneas\/","url":"https:\/\/posgrado.unam.mx\/ingenieria\/sedes-foraneas\/","name":"[:es]Sedes For\u00e1neas[:] - Programa de Maestr\u00eda y Doctorado en Ingenier\u00eda","isPartOf":{"@id":"https:\/\/posgrado.unam.mx\/ingenieria\/#website"},"datePublished":"2018-06-26T01:01:10+00:00","dateModified":"2018-06-26T01:24:51+00:00","breadcrumb":{"@id":"https:\/\/posgrado.unam.mx\/ingenieria\/sedes-foraneas\/#breadcrumb"},"inLanguage":"en-US","potentialAction":[{"@type":"ReadAction","target":["https:\/\/posgrado.unam.mx\/ingenieria\/sedes-foraneas\/"]}]},{"@type":"BreadcrumbList","@id":"https:\/\/posgrado.unam.mx\/ingenieria\/sedes-foraneas\/#breadcrumb","itemListElement":[{"@type":"ListItem","position":1,"name":"Home","item":"https:\/\/posgrado.unam.mx\/ingenieria\/"},{"@type":"ListItem","position":2,"name":"Sedes For\u00e1neas"}]},{"@type":"WebSite","@id":"https:\/\/posgrado.unam.mx\/ingenieria\/#website","url":"https:\/\/posgrado.unam.mx\/ingenieria\/","name":"Programa de Maestr\u00eda y Doctorado en Ingenier\u00eda","description":"ss","potentialAction":[{"@type":"SearchAction","target":{"@type":"EntryPoint","urlTemplate":"https:\/\/posgrado.unam.mx\/ingenieria\/?s={search_term_string}"},"query-input":{"@type":"PropertyValueSpecification","valueRequired":true,"valueName":"search_term_string"}}],"inLanguage":"en-US"}]}},"_links":{"self":[{"href":"https:\/\/posgrado.unam.mx\/ingenieria\/en\/wp-json\/wp\/v2\/pages\/1103","targetHints":{"allow":["GET"]}}],"collection":[{"href":"https:\/\/posgrado.unam.mx\/ingenieria\/en\/wp-json\/wp\/v2\/pages"}],"about":[{"href":"https:\/\/posgrado.unam.mx\/ingenieria\/en\/wp-json\/wp\/v2\/types\/page"}],"author":[{"embeddable":true,"href":"https:\/\/posgrado.unam.mx\/ingenieria\/en\/wp-json\/wp\/v2\/users\/1"}],"replies":[{"embeddable":true,"href":"https:\/\/posgrado.unam.mx\/ingenieria\/en\/wp-json\/wp\/v2\/comments?post=1103"}],"version-history":[{"count":4,"href":"https:\/\/posgrado.unam.mx\/ingenieria\/en\/wp-json\/wp\/v2\/pages\/1103\/revisions"}],"predecessor-version":[{"id":1112,"href":"https:\/\/posgrado.unam.mx\/ingenieria\/en\/wp-json\/wp\/v2\/pages\/1103\/revisions\/1112"}],"wp:attachment":[{"href":"https:\/\/posgrado.unam.mx\/ingenieria\/en\/wp-json\/wp\/v2\/media?parent=1103"}],"curies":[{"name":"wp","href":"https:\/\/api.w.org\/{rel}","templated":true}]}}